{"id":11272,"date":"2024-07-22T20:17:22","date_gmt":"2024-07-22T18:17:22","guid":{"rendered":"https:\/\/nicolefragrance.se\/?post_type=product&#038;p=11272"},"modified":"2025-08-27T20:41:14","modified_gmt":"2025-08-27T18:41:14","slug":"chanel-chance-eau-tendre-nicole-edp","status":"publish","type":"product","link":"https:\/\/nicolefragrance.se\/hr\/proizvod\/chanel-chance-eau-tendre-nicole-edp\/","title":{"rendered":"Nicole 2057 EDP inspiriran s Chance Eau Tendre Chanel"},"content":{"rendered":"<p><strong>Chanel Chance Eau Tendre<\/strong> je cvjetno-vo\u0107ni parfem za \u017eene, lansiran 2010. godine. Ova romanti\u010dna i nje\u017ena verzija izvornog parfema Chance, najavljena je kao njegova cvjetno-vo\u0107na interpretacija.<\/p>\n<p>Parfem se otvara svje\u017eim citrusnim notama grejpa i dinje, koje pru\u017eaju energi\u010dan i osvje\u017eavaju\u0107i po\u010detak. Ove note osvajaju osjetila svojom iskri\u010davom i vo\u0107nom svje\u017einom. U srcu parfema nalazi se delikatna kombinacija jasmina i zumbula, koja dodaje cvjetnu dubinu i suptilnost mirisu. Ove note stvaraju romanti\u010dan i nje\u017ean karakter parfema. Baza parfema je oboga\u0107ena toplim notama mo\u0161usa, koje daju parfemu dugotrajan i zavodljiv zavr\u0161etak. Ovaj zavr\u0161etak \u010dini miris sofisticiranim i elegantnim, idealnim za sve prilike.<\/p>\n<p>Savr\u0161eno balansirana kompozicija svje\u017eih, kremastih cvjetova i vo\u0107nih nota, ovaj parfem donosi osvje\u017eavaju\u0107i i \u017eivahan miris koji odu\u0161evljava. <strong>Chanel Chance Eau Tendre<\/strong> je namjenjen \u017eenama koje cijene sofisticiranost, eleganciju i romanti\u010dnost.<\/p>\n<p>Ovaj parfem je savr\u0161en za razli\u010dite prilike &#8211; od poslovnih sastanaka do romanti\u010dnih izlazaka. Njegov jedinstveni mirisni profil \u010dini ga idealnim izborom za one koje \u017eele dostaviti trajan utisak svojim izborom parfema. <strong>Chance Eau Tendre<\/strong> je za \u017eene koje \u017eele izraziti svoju nje\u017enu i romanti\u010dnu stranu kroz miris.<\/p>\n<p>Otkrijte neodoljivi svijet mirisa sa <strong>Chanel Chance Eau Tendre<\/strong> i naru\u010dite svoju bo\u010dicu jo\u0161 danas.<\/p>\n","protected":false},"excerpt":{"rendered":"<p>Chance Eau Tendre je parfem za \u017eene koje \u017eele izraziti svoju nje\u017enu i romanti\u010dnu stranu kroz miris. Savr\u0161eno balansirana kompozicija svje\u017eih, kremastih cvjetova i vo\u0107nih nota, ovaj parfem donosi osvje\u017eavaju\u0107i i \u017eivahan miris koji odu\u0161evljava. Chanel Chance Eau Tendre je namijenjen \u017eenama koje cijene sofisticiranost, eleganciju i romanti\u010dnost.<\/p>\n","protected":false},"featured_media":25784,"comment_status":"open","ping_status":"closed","template":"","meta":{"_acf_changed":false},"product_brand":[],"product_cat":[195,186],"product_tag":[],"class_list":{"0":"post-11272","1":"product","2":"type-product","3":"status-publish","4":"has-post-thumbnail","6":"product_cat-chanel-marka","7":"product_cat-za-zene","9":"first","10":"instock","11":"featured","12":"taxable","13":"shipping-taxable","14":"purchasable","15":"product-type-variable","16":"has-default-attributes"},"acf":[],"_links":{"self":[{"href":"https:\/\/nicolefragrance.se\/hr\/wp-json\/wp\/v2\/product\/11272","targetHints":{"allow":["GET"]}}],"collection":[{"href":"https:\/\/nicolefragrance.se\/hr\/wp-json\/wp\/v2\/product"}],"about":[{"href":"https:\/\/nicolefragrance.se\/hr\/wp-json\/wp\/v2\/types\/product"}],"replies":[{"embeddable":true,"href":"https:\/\/nicolefragrance.se\/hr\/wp-json\/wp\/v2\/comments?post=11272"}],"version-history":[{"count":0,"href":"https:\/\/nicolefragrance.se\/hr\/wp-json\/wp\/v2\/product\/11272\/revisions"}],"wp:featuredmedia":[{"embeddable":true,"href":"https:\/\/nicolefragrance.se\/hr\/wp-json\/wp\/v2\/media\/25784"}],"wp:attachment":[{"href":"https:\/\/nicolefragrance.se\/hr\/wp-json\/wp\/v2\/media?parent=11272"}],"wp:term":[{"taxonomy":"product_brand","embeddable":true,"href":"https:\/\/nicolefragrance.se\/hr\/wp-json\/wp\/v2\/product_brand?post=11272"},{"taxonomy":"product_cat","embeddable":true,"href":"https:\/\/nicolefragrance.se\/hr\/wp-json\/wp\/v2\/product_cat?post=11272"},{"taxonomy":"product_tag","embeddable":true,"href":"https:\/\/nicolefragrance.se\/hr\/wp-json\/wp\/v2\/product_tag?post=11272"}],"curies":[{"name":"wp","href":"https:\/\/api.w.org\/{rel}","templated":true}]}}