{"id":1127,"date":"2021-01-12T12:35:42","date_gmt":"2021-01-12T11:35:42","guid":{"rendered":"https:\/\/nicolefragrance.se\/?post_type=product&#038;p=1127"},"modified":"2025-07-14T16:40:38","modified_gmt":"2025-07-14T14:40:38","slug":"lancome-hypnose-nicole-edp","status":"publish","type":"product","link":"https:\/\/nicolefragrance.se\/hr\/proizvod\/lancome-hypnose-nicole-edp\/","title":{"rendered":"Nicole 111 EDP inspiriran s Hypnose Lancome"},"content":{"rendered":"<p><strong>Hypnose by Lancome<\/strong> je \u017eenski parfem koji odi\u0161e senzualnom elegancijom i toplinom. Ovaj miris pripada kategoriji amber mirisa za \u017eene i prvi put je predstavljen 2005. godine. Sa sobom nosi bogatstvo sun\u010danih nota, drvenastih akcenata i gurmanskih nijansi.<\/p>\n<p><strong>Hypnose <\/strong>sadr\u017ei nekoliko klju\u010dnih sastojaka koji zajedno stvaraju jedinstvenu i neodoljivu aromu. U vrhu parfema isti\u010de se cvijet pasiflore, koji dodaje nje\u017enu, ali strastvenu \u017eensku notu mirisu. To je kao nje\u017ean dodir sun\u010deve svijetlosti na va\u0161oj ko\u017ei. U srcu mirisa primat uzimaju jasmin i gardenija. U osnovi ovog mirisa su vanilija i vetiver. Ova kombinacija miri\u0161e toplo i kremasto na ko\u017ei, dodaju\u0107i mirisu slatku privla\u010dnost, dok mu vetiver daje dubinu i senzualnost.<\/p>\n<p><strong>Lancome Hypnose<\/strong> je miris koji mo\u017eete nositi svakog dana. Njegova meka i elegantna aroma c\u0301e vas &#8221;uviti&#8221; u osje\u0107aj udobnosti i spokojstva. Ovaj miris je vrlo svestran i pogodan za svaku priliku i sezonu.<\/p>\n<p><strong>Hypnose by Lancome<\/strong> je miris koji donosi senzualnu eleganciju u svakodnevni \u017eivot. Sa svojim bogatim notama, ovaj miris je prava poslastica za va\u0161a osjetila.<\/p>\n<p>Osjetite toplinu i udobnost mirisa Hypnose i u\u017eivajte u senzualnom do\u017eivljaju koji pru\u017ea.<\/p>\n","protected":false},"excerpt":{"rendered":"<p>Hypnose by Lancome je miris koji mo\u017eete nositi svakog dana. Njegova meka i elegantna aroma c\u0301e vas &#8221;uviti&#8221; u osje\u0107aj udobnosti i spokojstva. Ovaj miris je vrlo svestran i pogodan za svaku priliku i sezonu. Hypnose je miris koji donosi senzualnu eleganciju u svakodnevni \u017eivot \u017eene. Sa svojim bogatim notama, ovaj miris je prava poslastica za va\u0161a osjetila.<\/p>\n","protected":false},"featured_media":28161,"comment_status":"open","ping_status":"closed","template":"","meta":{"_acf_changed":false},"product_brand":[],"product_cat":[210,186],"product_tag":[],"class_list":{"0":"post-1127","1":"product","2":"type-product","3":"status-publish","4":"has-post-thumbnail","6":"product_cat-lancome-marka","7":"product_cat-za-zene","9":"first","10":"instock","11":"taxable","12":"shipping-taxable","13":"purchasable","14":"product-type-variable","15":"has-default-attributes"},"acf":[],"_links":{"self":[{"href":"https:\/\/nicolefragrance.se\/hr\/wp-json\/wp\/v2\/product\/1127","targetHints":{"allow":["GET"]}}],"collection":[{"href":"https:\/\/nicolefragrance.se\/hr\/wp-json\/wp\/v2\/product"}],"about":[{"href":"https:\/\/nicolefragrance.se\/hr\/wp-json\/wp\/v2\/types\/product"}],"replies":[{"embeddable":true,"href":"https:\/\/nicolefragrance.se\/hr\/wp-json\/wp\/v2\/comments?post=1127"}],"version-history":[{"count":0,"href":"https:\/\/nicolefragrance.se\/hr\/wp-json\/wp\/v2\/product\/1127\/revisions"}],"wp:featuredmedia":[{"embeddable":true,"href":"https:\/\/nicolefragrance.se\/hr\/wp-json\/wp\/v2\/media\/28161"}],"wp:attachment":[{"href":"https:\/\/nicolefragrance.se\/hr\/wp-json\/wp\/v2\/media?parent=1127"}],"wp:term":[{"taxonomy":"product_brand","embeddable":true,"href":"https:\/\/nicolefragrance.se\/hr\/wp-json\/wp\/v2\/product_brand?post=1127"},{"taxonomy":"product_cat","embeddable":true,"href":"https:\/\/nicolefragrance.se\/hr\/wp-json\/wp\/v2\/product_cat?post=1127"},{"taxonomy":"product_tag","embeddable":true,"href":"https:\/\/nicolefragrance.se\/hr\/wp-json\/wp\/v2\/product_tag?post=1127"}],"curies":[{"name":"wp","href":"https:\/\/api.w.org\/{rel}","templated":true}]}}