{"id":11238,"date":"2024-07-22T19:56:40","date_gmt":"2024-07-22T17:56:40","guid":{"rendered":"https:\/\/nicolefragrance.se\/?post_type=product&#038;p=11238"},"modified":"2025-07-05T09:45:36","modified_gmt":"2025-07-05T07:45:36","slug":"le-labo-santal-33-nicole-edp","status":"publish","type":"product","link":"https:\/\/nicolefragrance.se\/hr\/proizvod\/le-labo-santal-33-nicole-edp\/","title":{"rendered":"Nicole 3079 EDP inspiriran s Santal 33 Le Labo"},"content":{"rendered":"<p><strong>Le Labo Santal 33<\/strong> je drvenasto-aromati\u010dni uniseks parfem lansiran 2011. godine. Ovaj miris je postao ikona me\u0111u ljubiteljima parfema zahvaljuju\u0107i svojoj jedinstvenoj kombinaciji drvenih i za\u010dinskih nota koje stvaraju nezaboravan, udoban i zavodljiv miris.<\/p>\n<p>Parfem se otvara svje\u017eim i za\u010dinskim notama kardamona koje momentalno osvajaju osjetila. Ove note pru\u017eaju energi\u010dan i osvje\u017eavaju\u0107i po\u010detak koji privla\u010di pa\u017enju. U srcu parfema nalaze se delikatne note irisa i ljubi\u010dice koje dodaju cvjetnu dubinu i suptilnost mirisu. Ova kombinacija cvjetnih nota se savr\u0161eno stapa s drvenastim akordima, stvaraju\u0107i harmoniju izme\u0111u svje\u017eine i topline. Baza parfema je bogata drvenim notama australske sandalovine i cedrovine, oboga\u0107ena za\u010dinskim, ko\u017enim i mo\u0161usnim akordima. Ovaj zavr\u0161etak daje parfemu njegov karakteristi\u010dan i zavodljiv miris koji traje satima.<\/p>\n<p><strong>Le Labo Santal 33<\/strong> je savr\u0161en izbor za one koji \u017eele ostaviti trajan utisak. Namijenjen je i mu\u0161karcima i \u017eenama koji cijene sofisticiranost i eleganciju. Ovaj parfem je savr\u0161en za sve prilike &#8211; od lijenih dana boravka kod ku\u0107e do popodnevnih izlazaka.<\/p>\n<p>Otkrijte jedinstveni svijet mirisa sa <strong>Le Labo Santal 33<\/strong> i naru\u010dite ga ve\u0107 danas.<\/p>\n","protected":false},"excerpt":{"rendered":"<p>Le Labo Santal 33 je savr\u0161en izbor za one koji \u017eele ostaviti trajan utisak. Namijenjen je i mu\u0161karcima i \u017eenama koji cijene sofisticiranost i eleganciju. Ovaj parfem je savr\u0161en za sve prilike &#8211; od lijenih dana boravka kod ku\u0107e do popodnevnih izlazaka. Otkrijte jedinstveni svijet mirisa sa Le Labo Santal 33 i naru\u010dite ga ve\u0107 danas.<\/p>\n","protected":false},"featured_media":25795,"comment_status":"open","ping_status":"closed","template":"","meta":{"_acf_changed":false},"product_brand":[],"product_cat":[510,188,187,186],"product_tag":[],"class_list":{"0":"post-11238","1":"product","2":"type-product","3":"status-publish","4":"has-post-thumbnail","6":"product_cat-le-labo-marka","7":"product_cat-unisex","8":"product_cat-za-muskarce","9":"product_cat-za-zene","11":"first","12":"instock","13":"featured","14":"taxable","15":"shipping-taxable","16":"purchasable","17":"product-type-variable","18":"has-default-attributes"},"acf":[],"_links":{"self":[{"href":"https:\/\/nicolefragrance.se\/hr\/wp-json\/wp\/v2\/product\/11238","targetHints":{"allow":["GET"]}}],"collection":[{"href":"https:\/\/nicolefragrance.se\/hr\/wp-json\/wp\/v2\/product"}],"about":[{"href":"https:\/\/nicolefragrance.se\/hr\/wp-json\/wp\/v2\/types\/product"}],"replies":[{"embeddable":true,"href":"https:\/\/nicolefragrance.se\/hr\/wp-json\/wp\/v2\/comments?post=11238"}],"version-history":[{"count":0,"href":"https:\/\/nicolefragrance.se\/hr\/wp-json\/wp\/v2\/product\/11238\/revisions"}],"wp:featuredmedia":[{"embeddable":true,"href":"https:\/\/nicolefragrance.se\/hr\/wp-json\/wp\/v2\/media\/25795"}],"wp:attachment":[{"href":"https:\/\/nicolefragrance.se\/hr\/wp-json\/wp\/v2\/media?parent=11238"}],"wp:term":[{"taxonomy":"product_brand","embeddable":true,"href":"https:\/\/nicolefragrance.se\/hr\/wp-json\/wp\/v2\/product_brand?post=11238"},{"taxonomy":"product_cat","embeddable":true,"href":"https:\/\/nicolefragrance.se\/hr\/wp-json\/wp\/v2\/product_cat?post=11238"},{"taxonomy":"product_tag","embeddable":true,"href":"https:\/\/nicolefragrance.se\/hr\/wp-json\/wp\/v2\/product_tag?post=11238"}],"curies":[{"name":"wp","href":"https:\/\/api.w.org\/{rel}","templated":true}]}}