{"id":11202,"date":"2024-07-22T19:20:18","date_gmt":"2024-07-22T17:20:18","guid":{"rendered":"https:\/\/nicolefragrance.se\/?post_type=product&#038;p=11202"},"modified":"2025-07-05T09:58:11","modified_gmt":"2025-07-05T07:58:11","slug":"givenchy-gentleman-society-nicole-edp","status":"publish","type":"product","link":"https:\/\/nicolefragrance.se\/hr\/proizvod\/givenchy-gentleman-society-nicole-edp\/","title":{"rendered":"Nicole 3080 EDP inspiriran s Gentleman Society Givenchy"},"content":{"rendered":"<p><strong>Givenchy Gentleman Society<\/strong> je drvenasto-aromati\u010dni mu\u0161ki parfem, lansiran 2023. godine. Ovaj miris predstavlja jedinstvenu floralnu ekspresiju koja se suprotstavlja tamnim i intenzivnim notama vetivera iz Urugvaja i Madagaskara.<\/p>\n<p>Parfem se otvara svjetlosnim i osvje\u017eavaju\u0107im notama koje uvode u bogatu kompoziciju. U srcu mirisa dominira kvartet vetivera, koji dodaje dubinu i kompleksnost. Ove note su u savr\u0161enom balansu sa floralnim akordima, stvaraju\u0107i sofisticiranu aromu koja je istovremeno smiruju\u0107a i intrigantna. Baza parfema obuhva\u0107a esencije cedrovine i sandalovine koje se stapaju sa zavodljivom i senzualnom vanilijom. Ovaj zavr\u0161etak ostavlja nezaboravan trag koji privla\u010di pa\u017enju i osvaja.<\/p>\n<p><strong>Givenchy Gentleman Society<\/strong> je namijenjen mu\u0161karcima koji tra\u017ee eleganciju i prefinjenost u svakom aspektu svog \u017eivota. Idealan je za one koji \u017eele ostaviti trajan utisak svojim mirisom. Ovaj parfem je savr\u0161en za sve\u010dane prilike, ali i za opu\u0161tene ve\u010deri i sastanke u proljetnim no\u0107ima.<\/p>\n<p>Kreiran za modernog mu\u0161karca, <strong>Gentleman Society<\/strong> je miris koji odi\u0161e klasom i mistikom. Otkrijte luksuz i eleganciju s <strong>Givenchy Gentleman Society<\/strong> parfemom.<\/p>\n","protected":false},"excerpt":{"rendered":"<p>Givenchy Gentleman Society je namjenjen mu\u0161karcima koji tra\u017ee eleganciju i prefinjenost u svakom aspektu svog \u017eivota. Idealan je za one koji \u017eele ostaviti trajan utisak svojim mirisom. Ovaj parfem je savr\u0161en za sve\u010dane prilike, ali i za opu\u0161tene ve\u010deri i sastanke u proljetnim no\u0107ima.<\/p>\n","protected":false},"featured_media":25807,"comment_status":"open","ping_status":"closed","template":"","meta":{"_acf_changed":false},"product_brand":[],"product_cat":[200,187],"product_tag":[],"class_list":{"0":"post-11202","1":"product","2":"type-product","3":"status-publish","4":"has-post-thumbnail","6":"product_cat-givenchy-marka","7":"product_cat-za-muskarce","9":"first","10":"instock","11":"featured","12":"taxable","13":"shipping-taxable","14":"purchasable","15":"product-type-variable","16":"has-default-attributes"},"acf":[],"_links":{"self":[{"href":"https:\/\/nicolefragrance.se\/hr\/wp-json\/wp\/v2\/product\/11202","targetHints":{"allow":["GET"]}}],"collection":[{"href":"https:\/\/nicolefragrance.se\/hr\/wp-json\/wp\/v2\/product"}],"about":[{"href":"https:\/\/nicolefragrance.se\/hr\/wp-json\/wp\/v2\/types\/product"}],"replies":[{"embeddable":true,"href":"https:\/\/nicolefragrance.se\/hr\/wp-json\/wp\/v2\/comments?post=11202"}],"version-history":[{"count":0,"href":"https:\/\/nicolefragrance.se\/hr\/wp-json\/wp\/v2\/product\/11202\/revisions"}],"wp:featuredmedia":[{"embeddable":true,"href":"https:\/\/nicolefragrance.se\/hr\/wp-json\/wp\/v2\/media\/25807"}],"wp:attachment":[{"href":"https:\/\/nicolefragrance.se\/hr\/wp-json\/wp\/v2\/media?parent=11202"}],"wp:term":[{"taxonomy":"product_brand","embeddable":true,"href":"https:\/\/nicolefragrance.se\/hr\/wp-json\/wp\/v2\/product_brand?post=11202"},{"taxonomy":"product_cat","embeddable":true,"href":"https:\/\/nicolefragrance.se\/hr\/wp-json\/wp\/v2\/product_cat?post=11202"},{"taxonomy":"product_tag","embeddable":true,"href":"https:\/\/nicolefragrance.se\/hr\/wp-json\/wp\/v2\/product_tag?post=11202"}],"curies":[{"name":"wp","href":"https:\/\/api.w.org\/{rel}","templated":true}]}}