{"id":11169,"date":"2024-07-22T19:01:11","date_gmt":"2024-07-22T17:01:11","guid":{"rendered":"https:\/\/nicolefragrance.se\/?post_type=product&#038;p=11169"},"modified":"2026-02-19T18:07:59","modified_gmt":"2026-02-19T17:07:59","slug":"xerjoff-more-than-words-nicole-edp","status":"publish","type":"product","link":"https:\/\/nicolefragrance.se\/hr\/proizvod\/xerjoff-more-than-words-nicole-edp\/","title":{"rendered":"Nicole 3078 EDP inspiriran s More Than Words Xerjoff"},"content":{"rendered":"<h2 data-start=\"0\" data-end=\"88\"><strong>Nicole 3078 EDP inspiriran je parfemom Xerjoff More Than Words.<\/strong><\/h2>\n<h3 data-start=\"90\" data-end=\"109\"><strong data-start=\"90\" data-end=\"107\">Mirisne note:<\/strong><\/h3>\n<p data-start=\"111\" data-end=\"298\">\u2726 <strong data-start=\"113\" data-end=\"129\">Gornje note:<\/strong> vo\u0107ne, orijentalne<br data-start=\"165\" data-end=\"168\" \/>\u2726 <strong data-start=\"170\" data-end=\"187\">Srednje note:<\/strong> ambra, cvjetne note<br data-start=\"234\" data-end=\"237\" \/>\u2726 <strong data-start=\"239\" data-end=\"254\">Donje note:<\/strong> oud, drvenaste note, slatke smolaste note<\/p>\n<hr data-start=\"2118\" data-end=\"2121\" \/>\n<p>&nbsp;<\/p>\n<h3 data-start=\"300\" data-end=\"318\"><strong data-start=\"300\" data-end=\"316\">Opis parfema<\/strong><\/h3>\n<p data-start=\"161\" data-end=\"662\">Nicole 3078 EDP inspiriran je parfemom Xerjoff More Than Words. Otvara se iznimno vibrantnom i rasko\u0161nom kombinacijom so\u010dnog i su\u0161enog vo\u0107a. Uvod je gust, teksturiran i gotovo boemski u svom izrazu, stvaraju\u0107i savr\u0161enu ravnote\u017eu izme\u0111u zavodljive slatko\u0107e i profinjene o\u0161trine. Za razliku od klasi\u010dnih vo\u0107nih kompozicija, ovdje vo\u0107ne note djeluju zrelo i duboko, ostavljaju\u0107i dojam luksuza i kreativne energije te najavljuju\u0107i bogato, slojevito srce koje se polako razvija na ko\u017ei.<\/p>\n<p data-start=\"666\" data-end=\"1159\">Kako se miris razvija, u sredi\u0161tu dolazi do izra\u017eaja sofisticirana fuzija orijentalne ru\u017ee i smolastog labdanuma. Ru\u017ea ovdje nije nje\u017ena ni romanti\u010dna \u2013 ona je tamna, bar\u0161unasta i sna\u017ena, istodobno \u017eenstvena i mu\u017eevna. Cvjetne note unose suptilnu prozra\u010dnost, dok ambra daje toplinu i dubinu. Ova faza odi\u0161e unutarnjom snagom i umjetni\u010dkim karakterom, \u010dine\u0107i srce mirisa slojevitim, intenzivnim i magnetski privla\u010dnim. Dojam koji ostavlja je profinjen, autoritativan i nenametljivo dominantan.<\/p>\n<p data-start=\"1163\" data-end=\"1684\">U bazi miris dose\u017ee vrhunac svoje plemenite i iznimno postojane snage kroz dominantni oud i ambra-akorde. Oud pru\u017ea bogatu, dimljenu i drvenastu strukturu koja se skladno stapa sa smolastim, toplim nijansama, daju\u0107i kompoziciji stabilnost i impresivnu dubinu. Ova sna\u017ena baza osigurava iznimnu trajnost na ko\u017ei, ostavljaju\u0107i upe\u010datljiv trag koji evocira autenti\u010dni niche luksuz i sna\u017enu, postojanu energiju. Zavr\u0161nica je smirena, bogata i izrazito sofisticirana, \u010dine\u0107i ovaj miris nezaboravnim izborom za posebne prigode.<\/p>\n<hr data-start=\"2118\" data-end=\"2121\" \/>\n<p>&nbsp;<\/p>\n<h3 data-start=\"1187\" data-end=\"1214\"><strong data-start=\"1187\" data-end=\"1212\">Za koga je namijenjen<\/strong><\/h3>\n<p data-start=\"1216\" data-end=\"1613\">Nicole 3078 univerzalan je parfem, namijenjen ljubiteljima niche mirisa koji cijene intenzitet, sirovi oud i kompleksne orijentalne kompozicije. Idealan je za <a href=\"https:\/\/nicolefragrance.se\/kategori\/unisex-sv\/\">unisex<\/a> no\u0161enje, za osobe koje \u017eele dominantan, zreo i beskompromisno luksuzan mirisni potpis. Zahvaljuju\u0107i sna\u017enoj projekciji i tamnijem karakteru, savr\u0161en je izbor za hladnije mjesece, formalne doga\u0111aje i situacije u kojima \u017eelite naglasiti svoju jedinstvenost i autoritet.<\/p>\n<hr data-start=\"2118\" data-end=\"2121\" \/>\n<p>&nbsp;<\/p>\n<h3 data-start=\"1615\" data-end=\"1656\"><strong data-start=\"1615\" data-end=\"1654\">Inspiracija i sli\u010dnost s originalom<\/strong><\/h3>\n<p data-start=\"1658\" data-end=\"2040\" data-is-last-node=\"\" data-is-only-node=\"\">Nicole 3078 EDP inspiriran je originalom <a href=\"https:\/\/www.xerjoff.com\/en-eu\/products\/more-than-words-eau-de-parfum?_pos=1&amp;_sid=f380031d6&amp;_ss=r\" rel=\"noopener\">Xerjoff More Than Words<\/a>. Kreiran je kako bi vjerno prenio njegov sna\u017ean orijentalno-drvenasti karakter. O\u010duvan je klju\u010dni kontrast izme\u0111u nekonvencionalnog, rasko\u0161nog vo\u0107nog otvaranja i mo\u0107ne baze ouda i smolastih akorda. Nicole interpretacija oslanja se na tu dramati\u010dnu snagu i izra\u017eajnu projekciju, pru\u017eaju\u0107i sli\u010dno upe\u010datljivo, dugotrajno i luksuzno mirisno iskustvo.<\/p>\n<hr data-start=\"2118\" data-end=\"2121\" \/>\n<p data-start=\"1658\" data-end=\"2040\" data-is-last-node=\"\" data-is-only-node=\"\">\n","protected":false},"excerpt":{"rendered":"<p>? <strong data-start=\"633\" data-end=\"648\">Tip mirisa:<\/strong> orijentalni, drvenasti, unisex<br data-start=\"672\" data-end=\"675\" \/>\u2728 <strong data-start=\"677\" data-end=\"692\">Intenzitet:<\/strong> Eau de Parfum (EDP)<br data-start=\"706\" data-end=\"709\" \/><strong data-start=\"712\" data-end=\"734\">? Godina lansiranja:<\/strong> lansiranja: 2012.<br data-start=\"739\" data-end=\"742\" \/>? <strong data-start=\"745\" data-end=\"756\">Sezona:<\/strong> jesen \/ zima \/ ve\u010dernje i formalne prigode<br data-start=\"778\" data-end=\"781\" \/>\u23f1\ufe0f <strong data-start=\"784\" data-end=\"797\">Trajanje:<\/strong> iznimno dugotrajno, s impresivnom i rasko\u0161nom aurom<\/p>\n","protected":false},"featured_media":25819,"comment_status":"open","ping_status":"closed","template":"","meta":{"_acf_changed":false},"product_brand":[],"product_cat":[188,251,187,186],"product_tag":[],"class_list":{"0":"post-11169","1":"product","2":"type-product","3":"status-publish","4":"has-post-thumbnail","6":"product_cat-unisex","7":"product_cat-xerjoff-marka","8":"product_cat-za-muskarce","9":"product_cat-za-zene","11":"first","12":"instock","13":"featured","14":"taxable","15":"shipping-taxable","16":"purchasable","17":"product-type-variable","18":"has-default-attributes"},"acf":[],"_links":{"self":[{"href":"https:\/\/nicolefragrance.se\/hr\/wp-json\/wp\/v2\/product\/11169","targetHints":{"allow":["GET"]}}],"collection":[{"href":"https:\/\/nicolefragrance.se\/hr\/wp-json\/wp\/v2\/product"}],"about":[{"href":"https:\/\/nicolefragrance.se\/hr\/wp-json\/wp\/v2\/types\/product"}],"replies":[{"embeddable":true,"href":"https:\/\/nicolefragrance.se\/hr\/wp-json\/wp\/v2\/comments?post=11169"}],"version-history":[{"count":0,"href":"https:\/\/nicolefragrance.se\/hr\/wp-json\/wp\/v2\/product\/11169\/revisions"}],"wp:featuredmedia":[{"embeddable":true,"href":"https:\/\/nicolefragrance.se\/hr\/wp-json\/wp\/v2\/media\/25819"}],"wp:attachment":[{"href":"https:\/\/nicolefragrance.se\/hr\/wp-json\/wp\/v2\/media?parent=11169"}],"wp:term":[{"taxonomy":"product_brand","embeddable":true,"href":"https:\/\/nicolefragrance.se\/hr\/wp-json\/wp\/v2\/product_brand?post=11169"},{"taxonomy":"product_cat","embeddable":true,"href":"https:\/\/nicolefragrance.se\/hr\/wp-json\/wp\/v2\/product_cat?post=11169"},{"taxonomy":"product_tag","embeddable":true,"href":"https:\/\/nicolefragrance.se\/hr\/wp-json\/wp\/v2\/product_tag?post=11169"}],"curies":[{"name":"wp","href":"https:\/\/api.w.org\/{rel}","templated":true}]}}