{"id":1115,"date":"2021-01-12T12:35:32","date_gmt":"2021-01-12T11:35:32","guid":{"rendered":"https:\/\/nicolefragrance.se\/?post_type=product&#038;p=1115"},"modified":"2025-07-09T20:44:11","modified_gmt":"2025-07-09T18:44:11","slug":"calvin-klein-euphoria-nicole-edp","status":"publish","type":"product","link":"https:\/\/nicolefragrance.se\/hr\/proizvod\/calvin-klein-euphoria-nicole-edp\/","title":{"rendered":"Nicole 110 EDP inspiriran s Euphoria Calvin Klein"},"content":{"rendered":"<p><strong>Calvin Klein Euphoria<\/strong> je intenzivan i luksuzan \u017eenski parfem \u010dija je inspiracija jednostavna elegancija orhideje. Ovaj \u017eenstveni amber-cvjetni miris lansiran je 2005. godine, a ve\u0107 naredne je progla\u0161en parfemom godine.<\/p>\n<p>Gornje note parfema \u010dine nar, kaki i zeleni akordi. U srcu parfema isti\u010du se crna orhideja, lotos i \u010dampaka magnolija, dok su u osnovi mahagonij, amber, crna ljubi\u010dica i kremasti zavr\u0161etak.<\/p>\n<p>Hipnoti\u0161u\u0107a kombinacija cvijeta lotosa i orhideje dodatno ga obavija, oboga\u0107ena teku\u0107im amberom i bujnim mahagonijjem. Njegova aroma predstavlja kontrast izme\u0111u egzoti\u010dnog vo\u0107a i zavodljivih cvjetova, stvaraju\u0107i bogat, kremast i senzualan potpis.<\/p>\n<p>Ovaj parfem preporu\u010duje se svim damama koje tra\u017ee sofisticiran i upadljiv miris kojim \u0107e ostaviti upadljiv utisak.<strong> Calvin Klein Euphoria <\/strong>namijenjen je onim \u017eenama koje generalno ne vole te\u0161ke mirise, ali \u017eele ne\u0161to vi\u0161e od cvjetnog ili citrusnog mirisa.<\/p>\n<p><strong>Calvin Klein Euphoria<\/strong> je prava poslastica za osjetila, stvoren za \u017eenu koja zra\u010di samopouzdanjem i elegancijom. Njegov bogat i senzualan karakter ostavlja neizbrisiv utisak, \u010dine\u0107i svaki trenutak posebnim. Ovaj parfem je izra\u017eajna aroma koja odra\u017eava jednostavnu, a istovremeno luksuznu ljepotu, ba\u0161 poput orhideje koja ga je nadahnula.<\/p>\n","protected":false},"excerpt":{"rendered":"<p>Ovaj parfem preporu\u010duje se svim damama koje tra\u017ee sofisticiran i upadljiv miris. Zapravo, Calvin Klein Euphoria namijenjen je onim \u017eenama koje ina\u010de ne vole te\u0161ke mirise, ali \u017eele ne\u0161to vi\u0161e od cvjetnog ili citrusnog mirisa. Ovaj parfem je izra\u017eajna aroma koja odra\u017eava jednostavnu, a istovremeno luksuznu ljepotu, ba\u0161 poput orhideje koja ga je nadahnula.<\/p>\n","protected":false},"featured_media":28172,"comment_status":"open","ping_status":"closed","template":"","meta":{"_acf_changed":false},"product_brand":[],"product_cat":[209,186],"product_tag":[],"class_list":{"0":"post-1115","1":"product","2":"type-product","3":"status-publish","4":"has-post-thumbnail","6":"product_cat-calvin-klein-marka","7":"product_cat-za-zene","9":"first","10":"instock","11":"taxable","12":"shipping-taxable","13":"purchasable","14":"product-type-variable","15":"has-default-attributes"},"acf":[],"_links":{"self":[{"href":"https:\/\/nicolefragrance.se\/hr\/wp-json\/wp\/v2\/product\/1115","targetHints":{"allow":["GET"]}}],"collection":[{"href":"https:\/\/nicolefragrance.se\/hr\/wp-json\/wp\/v2\/product"}],"about":[{"href":"https:\/\/nicolefragrance.se\/hr\/wp-json\/wp\/v2\/types\/product"}],"replies":[{"embeddable":true,"href":"https:\/\/nicolefragrance.se\/hr\/wp-json\/wp\/v2\/comments?post=1115"}],"version-history":[{"count":0,"href":"https:\/\/nicolefragrance.se\/hr\/wp-json\/wp\/v2\/product\/1115\/revisions"}],"wp:featuredmedia":[{"embeddable":true,"href":"https:\/\/nicolefragrance.se\/hr\/wp-json\/wp\/v2\/media\/28172"}],"wp:attachment":[{"href":"https:\/\/nicolefragrance.se\/hr\/wp-json\/wp\/v2\/media?parent=1115"}],"wp:term":[{"taxonomy":"product_brand","embeddable":true,"href":"https:\/\/nicolefragrance.se\/hr\/wp-json\/wp\/v2\/product_brand?post=1115"},{"taxonomy":"product_cat","embeddable":true,"href":"https:\/\/nicolefragrance.se\/hr\/wp-json\/wp\/v2\/product_cat?post=1115"},{"taxonomy":"product_tag","embeddable":true,"href":"https:\/\/nicolefragrance.se\/hr\/wp-json\/wp\/v2\/product_tag?post=1115"}],"curies":[{"name":"wp","href":"https:\/\/api.w.org\/{rel}","templated":true}]}}