{"id":11133,"date":"2024-07-22T18:02:11","date_gmt":"2024-07-22T16:02:11","guid":{"rendered":"https:\/\/nicolefragrance.se\/?post_type=product&#038;p=11133"},"modified":"2025-07-05T11:33:26","modified_gmt":"2025-07-05T09:33:26","slug":"alexandria-ii-xerjoff-nicole-edp","status":"publish","type":"product","link":"https:\/\/nicolefragrance.se\/hr\/proizvod\/alexandria-ii-xerjoff-nicole-edp\/","title":{"rendered":"Nicole 3077 EDP inspiriran s Alexandria II Xerjoff"},"content":{"rendered":"<p><strong>Xerjoff Alexandria II<\/strong> je luksuzni unisex miris iz obitelji amber parfema. Namijenjen je i \u017eenama i mu\u0161karcima, a lansiran 2012. godine.<\/p>\n<p>Otvaranje mirisa donosi vo\u0107ne note jabuke koje se harmoni\u010dno spajaju sa cvjetnom lavandom i ru\u017einim drvetom, dok cimet dodaje toplinu i za\u010dinski dodir. U srcu parfema nalaze se elegantne note ru\u017ee, cedrovog drveta i \u0111ur\u0111evka, koje zajedno stvaraju klasi\u010dno orijentalnu kompoziciju. Zavr\u0161ne note agara (oud), sandalovine, ambera, vanilije i mo\u0161usa pru\u017eaju bogat, dugotrajan zavr\u0161etak koji ostavlja neizbrisiv trag.<\/p>\n<p><strong>Xerjoff Alexandria II<\/strong> je savr\u0161en izbor za one koji tra\u017ee jedinstven i sofisticiran miris. Idealan je za ljubitelje luksuznih i egzoti\u010dnih parfema koji \u017eele istaknuti svoju individualnost i stil. Ovaj parfem je univerzalan i mo\u017ee se nositi kako u posebnim prilikama, tako i svakodnevno, ostavljaju\u0107i neodoljiv utisak gdje god da se pojavite.<\/p>\n<p><strong>Alexandria II<\/strong> odi\u0161e bogatom povije\u0161\u0107u i kulturom, nude\u0107i jedinstveno mirisno iskustvo koje \u0107e vas o\u010darati. Otkrijte za\u0161to je ovaj parfem postao sinonim za eleganciju i dugotrajnost i poka\u017eite svoj stil ovim izuzetnim mirisom.<\/p>\n","protected":false},"excerpt":{"rendered":"<p>Xerjoff Alexandria II je savr\u0161en izbor za one koji tra\u017ee jedinstven i sofisticiran miris. Idealan je za ljubitelje luksuznih i egzoti\u010dnih parfema koji \u017eele istaknuti svoju individualnost i stil. Ovaj parfem je univerzalan i mo\u017ee se nositi kako u posebnim prilikama, tako i svakodnevno, ostavljaju\u0107i neodoljiv utisak gdje god se pojavite.<\/p>\n","protected":false},"featured_media":25831,"comment_status":"open","ping_status":"closed","template":"","meta":{"_acf_changed":false},"product_brand":[],"product_cat":[188,251,187,186],"product_tag":[],"class_list":{"0":"post-11133","1":"product","2":"type-product","3":"status-publish","4":"has-post-thumbnail","6":"product_cat-unisex","7":"product_cat-xerjoff-marka","8":"product_cat-za-muskarce","9":"product_cat-za-zene","11":"first","12":"instock","13":"featured","14":"taxable","15":"shipping-taxable","16":"purchasable","17":"product-type-variable","18":"has-default-attributes"},"acf":[],"_links":{"self":[{"href":"https:\/\/nicolefragrance.se\/hr\/wp-json\/wp\/v2\/product\/11133","targetHints":{"allow":["GET"]}}],"collection":[{"href":"https:\/\/nicolefragrance.se\/hr\/wp-json\/wp\/v2\/product"}],"about":[{"href":"https:\/\/nicolefragrance.se\/hr\/wp-json\/wp\/v2\/types\/product"}],"replies":[{"embeddable":true,"href":"https:\/\/nicolefragrance.se\/hr\/wp-json\/wp\/v2\/comments?post=11133"}],"version-history":[{"count":0,"href":"https:\/\/nicolefragrance.se\/hr\/wp-json\/wp\/v2\/product\/11133\/revisions"}],"wp:featuredmedia":[{"embeddable":true,"href":"https:\/\/nicolefragrance.se\/hr\/wp-json\/wp\/v2\/media\/25831"}],"wp:attachment":[{"href":"https:\/\/nicolefragrance.se\/hr\/wp-json\/wp\/v2\/media?parent=11133"}],"wp:term":[{"taxonomy":"product_brand","embeddable":true,"href":"https:\/\/nicolefragrance.se\/hr\/wp-json\/wp\/v2\/product_brand?post=11133"},{"taxonomy":"product_cat","embeddable":true,"href":"https:\/\/nicolefragrance.se\/hr\/wp-json\/wp\/v2\/product_cat?post=11133"},{"taxonomy":"product_tag","embeddable":true,"href":"https:\/\/nicolefragrance.se\/hr\/wp-json\/wp\/v2\/product_tag?post=11133"}],"curies":[{"name":"wp","href":"https:\/\/api.w.org\/{rel}","templated":true}]}}