{"id":1104,"date":"2021-01-12T12:35:13","date_gmt":"2021-01-12T11:35:13","guid":{"rendered":"https:\/\/nicolefragrance.se\/?post_type=product&#038;p=1104"},"modified":"2025-07-09T20:46:23","modified_gmt":"2025-07-09T18:46:23","slug":"thierry-mugler-alien-nicole-edp","status":"publish","type":"product","link":"https:\/\/nicolefragrance.se\/hr\/proizvod\/thierry-mugler-alien-nicole-edp\/","title":{"rendered":"Nicole 109 EDP inspiriran s Alien Thierry Mugler"},"content":{"rendered":"<p><strong>Alien by Thierry Mugler<\/strong> je \u017eenski parfem lansiran 2005. godine i od tada je osvojio srca neustra\u0161ivih dama \u0161irom svijeta. Ovaj miris spada u kategoriju amber drvenih parfema i isti\u010de se svojom jedinstveno\u0161\u0107u i neobi\u010dnim notama.<\/p>\n<p><strong>Alien<\/strong> zapo\u010dinje svoju \u010daroliju vrhunskom notom jasmina Sambac. Ova nota donosi cvjetnu svje\u017einu i delikatnu slatko\u0107u u miris. Jasmin Sambac je poznat po svojoj intenzivnoj i opojnoj aromi, \u010dine\u0107i je idealnom za dodavanje misterioznog elementa u ovaj parfem. Srednja nota ovog mirisa je ka\u0161meran. To je sinteti\u010dki sastojak koji doprinosi dubini i meko\u0107i parfema. Ova nota dodaje toplinu i senzualnost mirisu, \u010dine\u0107i ga izuzetno privla\u010dnim. Bazna nota je amber, koja je odgovorna za dugotrajnost i zavodljivu toplinu mirisa.<\/p>\n<p>Alien je istinski eliksir senzualnosti i \u017eenstvenosti. Njegova slo\u017eena kompozicija omogu\u0107ava vam da izrazite svoju privla\u010dnost i samopouzdanje. Ovaj miris stvara magi\u010dan mirisni oblak oko vas, koji privla\u010di pa\u017enju i ostavlja trajni utisak.<\/p>\n<p><strong>Alien by Thierry Mugler<\/strong> je tajanstven, neobi\u010dan i neodoljiv miris koji privla\u010di pa\u017enju svojom jedinstveno\u0161\u0107u. Alien je vi\u0161e od mirisa &#8211; to je izjava, eliksir samopouzdanja i parfem koji \u0107e vas pratiti kroz sve va\u017ene trenutke u \u017eivotu. Otkrijte tajanstvenu magiju Alien mirisa i budite spremni da osvojite svijet svojom neodoljivom privla\u010dno\u0161\u0107u.<\/p>\n","protected":false},"excerpt":{"rendered":"<p>Alien by Thierry Mugler je istinski eliksir senzualnosti i \u017eenstvenosti. Njegova slo\u017eena kompozicija omogu\u0107ava vam da izrazite svoju privla\u010dnost i samopouzdanje. Ovaj miris stvara magi\u010dan mirisni oblak oko vas, koji privla\u010di pa\u017enju i ostavlja trajni utisak. Alien je tajanstven, neobi\u010dan i neodoljiv miris koji privla\u010di pa\u017enju svojom jedinstveno\u0161\u0107u. Alien je vi\u0161e od mirisa &#8211; to je izjava, eliksir samopouzdanja i parfem koji \u0107e vas pratiti kroz sve va\u017ene trenutke u \u017eivotu.<\/p>\n","protected":false},"featured_media":28184,"comment_status":"open","ping_status":"closed","template":"","meta":{"_acf_changed":false},"product_brand":[],"product_cat":[204,186],"product_tag":[],"class_list":{"0":"post-1104","1":"product","2":"type-product","3":"status-publish","4":"has-post-thumbnail","6":"product_cat-thierry-mugler-marka","7":"product_cat-za-zene","9":"first","10":"instock","11":"taxable","12":"shipping-taxable","13":"purchasable","14":"product-type-variable","15":"has-default-attributes"},"acf":[],"_links":{"self":[{"href":"https:\/\/nicolefragrance.se\/hr\/wp-json\/wp\/v2\/product\/1104","targetHints":{"allow":["GET"]}}],"collection":[{"href":"https:\/\/nicolefragrance.se\/hr\/wp-json\/wp\/v2\/product"}],"about":[{"href":"https:\/\/nicolefragrance.se\/hr\/wp-json\/wp\/v2\/types\/product"}],"replies":[{"embeddable":true,"href":"https:\/\/nicolefragrance.se\/hr\/wp-json\/wp\/v2\/comments?post=1104"}],"version-history":[{"count":0,"href":"https:\/\/nicolefragrance.se\/hr\/wp-json\/wp\/v2\/product\/1104\/revisions"}],"wp:featuredmedia":[{"embeddable":true,"href":"https:\/\/nicolefragrance.se\/hr\/wp-json\/wp\/v2\/media\/28184"}],"wp:attachment":[{"href":"https:\/\/nicolefragrance.se\/hr\/wp-json\/wp\/v2\/media?parent=1104"}],"wp:term":[{"taxonomy":"product_brand","embeddable":true,"href":"https:\/\/nicolefragrance.se\/hr\/wp-json\/wp\/v2\/product_brand?post=1104"},{"taxonomy":"product_cat","embeddable":true,"href":"https:\/\/nicolefragrance.se\/hr\/wp-json\/wp\/v2\/product_cat?post=1104"},{"taxonomy":"product_tag","embeddable":true,"href":"https:\/\/nicolefragrance.se\/hr\/wp-json\/wp\/v2\/product_tag?post=1104"}],"curies":[{"name":"wp","href":"https:\/\/api.w.org\/{rel}","templated":true}]}}