{"id":1092,"date":"2021-01-12T12:35:09","date_gmt":"2021-01-12T11:35:09","guid":{"rendered":"https:\/\/nicolefragrance.se\/?post_type=product&#038;p=1092"},"modified":"2025-10-01T13:23:05","modified_gmt":"2025-10-01T11:23:05","slug":"dior-pure-poison-nicole-edp","status":"publish","type":"product","link":"https:\/\/nicolefragrance.se\/hr\/proizvod\/dior-pure-poison-nicole-edp\/","title":{"rendered":"Nicole 107 EDP inspiriran s Pure Poison Dior"},"content":{"rendered":"<p><strong>Pure Poison by Dior<\/strong> je \u017eenski parfem koji slavi naj\u010distiji oblik zavo\u0111enja, istra\u017euju\u0107i njegovu dvostruku prirodu i neodoljivu kemiju. Lansiran 2004. godine, ovaj parfem isti\u010de va\u0161u senzualnost na suptilan na\u010din i budi zavodnicu u vama.<\/p>\n<p><strong>Pure Poison<\/strong> otvara se svijetlim i svje\u017eim notama cvijeta naran\u010de, pru\u017eaju\u0107i osje\u0107aj \u010darobnosti i nje\u017enosti. Jasmin i gardenija se spajaju u srcu ovog mirisa, dodaju\u0107i dubinu i cvjetni karakter. Na kraju, topli i senzualni akordi ambera i sandalovine obavijaju vas poput nevidljive \u010dipke.<\/p>\n<p>Ime parfema odra\u017eava i njegov karakter. On vas op\u010dinjava i ispunjava snagom i samopouzdanjem. <strong>Pure Poison by Dior<\/strong> je parfem za \u017eenu koja zna \u0161to \u017eeli i kako da to postigne. Njegova elegantna i vreme\u0161na priroda \u010dini ga savr\u0161enim izborom za poslovne ili formalne prilike. Ovaj miris je kao crna haljina &#8211; nikada ne izlazi iz mode i uvijek izgleda besprekorno.<\/p>\n<p><strong>Pure Poison by Dior<\/strong> je parfem koji odi\u0161e elegancijom i \u010darom, i koji \u0107e vas nedvosmisleno izdvojiti iz mase. Ovaj miris \u0107e vas inspirirati da budete samouvjereni i neodoljivi, isti\u010du\u0107i va\u0161u prirodnu ljepotu i \u0161arm.<\/p>\n","protected":false},"excerpt":{"rendered":"<p>Pure Poison by Dior je parfem koji odi\u0161e elegancijom i \u010darom, i koji \u0107e vas nedvosmisleno izdvojiti iz mase. Ovaj miris \u0107e vas inspirirati da budete samouvjereni i neodoljivi, isti\u010du\u0107i va\u0161u prirodnu ljepotu i \u0161arm. Pure Poison\u00a0je parfem za \u017eenu koja zna \u0161to \u017eeli i kako da to postigne. Njegova elegantna i vreme\u0161na priroda \u010dini ga savr\u0161enim izborom za poslovne ili formalne prilike.<\/p>\n","protected":false},"featured_media":28205,"comment_status":"open","ping_status":"closed","template":"","meta":{"_acf_changed":false},"product_brand":[],"product_cat":[192,186],"product_tag":[],"class_list":{"0":"post-1092","1":"product","2":"type-product","3":"status-publish","4":"has-post-thumbnail","6":"product_cat-dior-marka","7":"product_cat-za-zene","9":"first","10":"instock","11":"taxable","12":"shipping-taxable","13":"purchasable","14":"product-type-variable","15":"has-default-attributes"},"acf":[],"_links":{"self":[{"href":"https:\/\/nicolefragrance.se\/hr\/wp-json\/wp\/v2\/product\/1092","targetHints":{"allow":["GET"]}}],"collection":[{"href":"https:\/\/nicolefragrance.se\/hr\/wp-json\/wp\/v2\/product"}],"about":[{"href":"https:\/\/nicolefragrance.se\/hr\/wp-json\/wp\/v2\/types\/product"}],"replies":[{"embeddable":true,"href":"https:\/\/nicolefragrance.se\/hr\/wp-json\/wp\/v2\/comments?post=1092"}],"version-history":[{"count":0,"href":"https:\/\/nicolefragrance.se\/hr\/wp-json\/wp\/v2\/product\/1092\/revisions"}],"wp:featuredmedia":[{"embeddable":true,"href":"https:\/\/nicolefragrance.se\/hr\/wp-json\/wp\/v2\/media\/28205"}],"wp:attachment":[{"href":"https:\/\/nicolefragrance.se\/hr\/wp-json\/wp\/v2\/media?parent=1092"}],"wp:term":[{"taxonomy":"product_brand","embeddable":true,"href":"https:\/\/nicolefragrance.se\/hr\/wp-json\/wp\/v2\/product_brand?post=1092"},{"taxonomy":"product_cat","embeddable":true,"href":"https:\/\/nicolefragrance.se\/hr\/wp-json\/wp\/v2\/product_cat?post=1092"},{"taxonomy":"product_tag","embeddable":true,"href":"https:\/\/nicolefragrance.se\/hr\/wp-json\/wp\/v2\/product_tag?post=1092"}],"curies":[{"name":"wp","href":"https:\/\/api.w.org\/{rel}","templated":true}]}}