{"id":1080,"date":"2021-01-12T12:19:12","date_gmt":"2021-01-12T11:19:12","guid":{"rendered":"https:\/\/nicolefragrance.se\/?post_type=product&#038;p=1080"},"modified":"2025-07-10T15:01:18","modified_gmt":"2025-07-10T13:01:18","slug":"lacoste-lacoste-nicole-edp","status":"publish","type":"product","link":"https:\/\/nicolefragrance.se\/hr\/proizvod\/lacoste-lacoste-nicole-edp\/","title":{"rendered":"Nicole 094 EDP inspiriran s Eau de Lacoste"},"content":{"rendered":"<p><strong>Eau de Lacoste by Lacoste<\/strong> je cvjetno-vo\u0107ni parfem namijenjen \u017eenama, lansiran 2013. godine. Ovaj bogati \u017eenski miris bijelih cvjetova podsje\u0107a na svje\u017einu mirisa \u010distih pamu\u010dnih ko\u0161ulja.<\/p>\n<p>Otvor parfema odi\u0161e svje\u017einom vo\u0107nih nota bijelog ananasa, mandarine i bergamota. Ove note stvaraju \u017eivahnu i osvje\u017eavaju\u0107u mirisnu kompoziciju koja isti\u010de energiju i dinamiku nosioca parfema. Gornji tonovi parfema pru\u017eaju suptilan i elegantan do\u017eivljaj koji podsje\u0107a na tople ljetne dane i svje\u017einu vo\u0107nih aroma. U srcu parfema, Sambac jasmin, cvijet naran\u010de i cvijet ananasa stvaraju slo\u017eenu i sofisticiranu cvjetnu kombinaciju koja isti\u010de eleganciju i prefinjenost. Ove note dodaju dubinu i toplinu parfemu, stvaraju\u0107i \u017eenstvenu i senzualnu harmoniju koja odi\u0161e svje\u017einom i elegancijom. Bazu parfema <strong>Eau de Lacoste<\/strong> \u010dine sandalovina, peruanski balzam, vetiver i vanilija, stvaraju\u0107i duboku i privla\u010dnu zavr\u0161nicu koja obavija nosioca parfema poput neodoljivog omota\u010da. Ove note pru\u017eaju toplinu i senzualnost, isti\u010du\u0107i sofisticiranost i eleganciju nosioca parfema.<\/p>\n<p><strong>Eau de Lacoste<\/strong> je savr\u0161en izbor za one koji te\u017ee jednostavnosti i eleganciji. Njegov minimalisti\u010dki miris pru\u017ea osje\u0107aj svje\u017eine i elegancije koji isti\u010de \u017eenstvenost i sofisticiranost. Isprobajte Eau de Lacoste i istaknite svoj sofisticirani i elegantni stil kroz o\u010daravaju\u0107i miris koji odi\u0161e svje\u017einom i elegancijom.<\/p>\n","protected":false},"excerpt":{"rendered":"<p>Eau de Lacoste by Lacoste je savr\u0161en izbor za dame koje te\u017ee jednostavnosti i eleganciji. Njegov minimalisti\u010dki miris pru\u017ea osje\u0107aj svje\u017eine i elegancije koji isti\u010de \u017eenstvenost i sofisticiranost. Isprobajte Eau de Lacoste i istaknite svoj sofisticirani i elegantni stil kroz o\u010daravaju\u0107i miris koji odi\u0161e svje\u017einom i elegancijom.<\/p>\n","protected":false},"featured_media":28217,"comment_status":"open","ping_status":"closed","template":"","meta":{"_acf_changed":false},"product_brand":[],"product_cat":[194,186],"product_tag":[],"class_list":{"0":"post-1080","1":"product","2":"type-product","3":"status-publish","4":"has-post-thumbnail","6":"product_cat-lacoste-marka","7":"product_cat-za-zene","9":"first","10":"instock","11":"taxable","12":"shipping-taxable","13":"purchasable","14":"product-type-variable","15":"has-default-attributes"},"acf":[],"_links":{"self":[{"href":"https:\/\/nicolefragrance.se\/hr\/wp-json\/wp\/v2\/product\/1080","targetHints":{"allow":["GET"]}}],"collection":[{"href":"https:\/\/nicolefragrance.se\/hr\/wp-json\/wp\/v2\/product"}],"about":[{"href":"https:\/\/nicolefragrance.se\/hr\/wp-json\/wp\/v2\/types\/product"}],"replies":[{"embeddable":true,"href":"https:\/\/nicolefragrance.se\/hr\/wp-json\/wp\/v2\/comments?post=1080"}],"version-history":[{"count":0,"href":"https:\/\/nicolefragrance.se\/hr\/wp-json\/wp\/v2\/product\/1080\/revisions"}],"wp:featuredmedia":[{"embeddable":true,"href":"https:\/\/nicolefragrance.se\/hr\/wp-json\/wp\/v2\/media\/28217"}],"wp:attachment":[{"href":"https:\/\/nicolefragrance.se\/hr\/wp-json\/wp\/v2\/media?parent=1080"}],"wp:term":[{"taxonomy":"product_brand","embeddable":true,"href":"https:\/\/nicolefragrance.se\/hr\/wp-json\/wp\/v2\/product_brand?post=1080"},{"taxonomy":"product_cat","embeddable":true,"href":"https:\/\/nicolefragrance.se\/hr\/wp-json\/wp\/v2\/product_cat?post=1080"},{"taxonomy":"product_tag","embeddable":true,"href":"https:\/\/nicolefragrance.se\/hr\/wp-json\/wp\/v2\/product_tag?post=1080"}],"curies":[{"name":"wp","href":"https:\/\/api.w.org\/{rel}","templated":true}]}}