{"id":1068,"date":"2021-01-12T12:19:11","date_gmt":"2021-01-12T11:19:11","guid":{"rendered":"https:\/\/nicolefragrance.se\/?post_type=product&#038;p=1068"},"modified":"2025-07-10T15:05:20","modified_gmt":"2025-07-10T13:05:20","slug":"dior-hypnotic-poison-nicole-edp","status":"publish","type":"product","link":"https:\/\/nicolefragrance.se\/hr\/proizvod\/dior-hypnotic-poison-nicole-edp\/","title":{"rendered":"Nicole 088 EDP inspiriran s Hypnotic Poison Dior"},"content":{"rendered":"<p><strong>Hypnotic Poison by Dior<\/strong> je \u017eenski miris koji \u0107e vas potpuno zavesti svojom misterioznom privla\u010dno\u0161\u0107u. Ovaj miris donosi ne\u0161to druga\u010dije note u odnosu na originalni Dior Poison. Ovdje dominira nota sladi\u0107a, daju\u0107i mu jedinstvenu aromu.<\/p>\n<p>Ovaj miris je kao magnet koji ostavlja utisak na sve oko sebe. Prva nota je gorak badem, koja otvara vrata putovanju u svijet o\u010daravaju\u0107ih aroma. Zatim se pridru\u017euje jasmin sambac, dodaju\u0107i cvjetnu svje\u017einu i eleganciju mirisu. Na kraju, vanilija i senzualni mo\u0161usi stvaraju zavr\u0161ni dodir, ostavljaju\u0107i neodoljiv i dugotrajan utisak.<\/p>\n<p><strong>Hypnotic Poison<\/strong> je miris sa mnogo lica &#8211; i nisu sve podjednako sjajne. Ima divan gurmanski akord, ali ponekad se izgubi iza plasti\u010dnih tonova.<\/p>\n<p><strong>Hypnotic Poison by Dior<\/strong> je miris za \u017eenu koja se ne pla\u0161i da istra\u017ei svoju senzualnu stranu i koja zna kako da privu\u010de pa\u017enju. Ovo je miris za posebne prilike, kada \u017eelite da ostavite nezaboravan utisak i budete zavodljivi.<\/p>\n<p>Dopustite da vas o\u010dara magnetna senzacija Hypnotic Poison i zakora\u010dite u svijet neodoljive privla\u010dnosti.<\/p>\n","protected":false},"excerpt":{"rendered":"<p>Dior Hypnotic Poison je \u017eenski miris koji \u0107e vas potpuno zavesti svojom misterioznom privla\u010dno\u0161\u0107u. Ovo je parfem za \u017eenu koja se ne pla\u0161i da istra\u017ei svoju senzualnu stranu i koja zna kako privu\u010di pa\u017enju. Ovo je miris za posebne prilike, kada \u017eelite da ostavite nezaboravan utisak i budete zavodljivi.<\/p>\n","protected":false},"featured_media":28239,"comment_status":"open","ping_status":"closed","template":"","meta":{"_acf_changed":false},"product_brand":[],"product_cat":[192,186],"product_tag":[],"class_list":{"0":"post-1068","1":"product","2":"type-product","3":"status-publish","4":"has-post-thumbnail","6":"product_cat-dior-marka","7":"product_cat-za-zene","9":"first","10":"instock","11":"taxable","12":"shipping-taxable","13":"purchasable","14":"product-type-variable","15":"has-default-attributes"},"acf":[],"_links":{"self":[{"href":"https:\/\/nicolefragrance.se\/hr\/wp-json\/wp\/v2\/product\/1068","targetHints":{"allow":["GET"]}}],"collection":[{"href":"https:\/\/nicolefragrance.se\/hr\/wp-json\/wp\/v2\/product"}],"about":[{"href":"https:\/\/nicolefragrance.se\/hr\/wp-json\/wp\/v2\/types\/product"}],"replies":[{"embeddable":true,"href":"https:\/\/nicolefragrance.se\/hr\/wp-json\/wp\/v2\/comments?post=1068"}],"version-history":[{"count":0,"href":"https:\/\/nicolefragrance.se\/hr\/wp-json\/wp\/v2\/product\/1068\/revisions"}],"wp:featuredmedia":[{"embeddable":true,"href":"https:\/\/nicolefragrance.se\/hr\/wp-json\/wp\/v2\/media\/28239"}],"wp:attachment":[{"href":"https:\/\/nicolefragrance.se\/hr\/wp-json\/wp\/v2\/media?parent=1068"}],"wp:term":[{"taxonomy":"product_brand","embeddable":true,"href":"https:\/\/nicolefragrance.se\/hr\/wp-json\/wp\/v2\/product_brand?post=1068"},{"taxonomy":"product_cat","embeddable":true,"href":"https:\/\/nicolefragrance.se\/hr\/wp-json\/wp\/v2\/product_cat?post=1068"},{"taxonomy":"product_tag","embeddable":true,"href":"https:\/\/nicolefragrance.se\/hr\/wp-json\/wp\/v2\/product_tag?post=1068"}],"curies":[{"name":"wp","href":"https:\/\/api.w.org\/{rel}","templated":true}]}}