{"id":1056,"date":"2021-01-12T12:19:11","date_gmt":"2021-01-12T11:19:11","guid":{"rendered":"https:\/\/nicolefragrance.se\/?post_type=product&#038;p=1056"},"modified":"2026-02-11T12:48:51","modified_gmt":"2026-02-11T11:48:51","slug":"dior-addict-nicole-edp","status":"publish","type":"product","link":"https:\/\/nicolefragrance.se\/hr\/proizvod\/dior-addict-nicole-edp\/","title":{"rendered":"Nicole 090 EDP inspiriran s Addict Dior"},"content":{"rendered":"<p><strong>Addict by Dior<\/strong> je \u017eenski parfem koji osvaja svojim mo\u0107nim i zavodljivim notama. Lansiran 2014. godine, ovaj miris pripada kategoriji amber cvjetnih mirisa i nosi u sebi intenzivan spoj svje\u017eine i senzualnosti koji \u0107e vas o\u010darati.<\/p>\n<p>Samim otvaranjem bo\u010dice <strong>Dior Addict<\/strong>-a odmah \u0107ete biti obuzeti svje\u017einom. Miris se otvara notama mandarine i cvijeta naran\u010de iz Tunisa. Srce mirisa pak krije pravu tajnu njegove privla\u010dnosti. Note cvijeta Sambac jasmina se otvaraju i otkrivaju svoju mo\u0107. One donose mje\u0161avinu nje\u017ene \u017eenstvenosti i senzualnosti koja je te\u0161ko opisati rije\u010dima. Ovo je srce mirisa koje \u0107e vam osvojiti srce. Baza ovog mirisa je kao dubok, topli zagrljaj burbon vanilije. Ona se spolako razvija na va\u0161oj ko\u017ei, ostavljaju\u0107i iza sebe senzualni trag.<\/p>\n<p>Ovo je miris koji \u0107e vas pratiti tijekom cijelog dana, donose\u0107i vam osje\u0107aj samopouzdanja i zavodljivosti. Parfem Addict by Dior je za \u017eene koje znaju \u0161to \u017eele i samouvjereno idu ka svojim ciljevima.<\/p>\n<p><strong>Addict by Dior<\/strong> je miris koji \u0107e vam pomo\u0107i da se osje\u0107ate mo\u0107no i senzualno, da istaknete svoju \u017eenstvenost i samopouzdanje. Bilo da ga nosite tijekom dana ili u ve\u010derrnjim prilikama, ovaj miris \u0107e vam pru\u017eiti neodoljivu privla\u010dnost i sofisticiranost.<\/p>\n","protected":false},"excerpt":{"rendered":"<p>Dior Addict je parfem koji \u0107e vas pratiti tijekom cijelog dana, donose\u0107i vam osje\u0107aj samopouzdanja i zavodljivosti. Ovaj parfem namijenjen je \u017eenama koje znaju \u0161to \u017eele i samouvjereno idu k svojim ciljevima. Ovo je miris koji \u0107e vam pomo\u0107i da se osje\u0107ate mo\u0107no i senzualno, da istaknete svoju \u017eenstvenost i samopouzdanje. Bilo da ga nosite tijekom dana ili u ve\u010derrnjim prilikama, ovaj miris \u0107e vam pru\u017eiti neodoljivu privla\u010dnost i sofisticiranost.<\/p>\n","protected":false},"featured_media":28228,"comment_status":"open","ping_status":"closed","template":"","meta":{"_acf_changed":false},"product_brand":[],"product_cat":[192,186],"product_tag":[],"class_list":{"0":"post-1056","1":"product","2":"type-product","3":"status-publish","4":"has-post-thumbnail","6":"product_cat-dior-marka","7":"product_cat-za-zene","9":"first","10":"instock","11":"taxable","12":"shipping-taxable","13":"purchasable","14":"product-type-variable","15":"has-default-attributes"},"acf":[],"_links":{"self":[{"href":"https:\/\/nicolefragrance.se\/hr\/wp-json\/wp\/v2\/product\/1056","targetHints":{"allow":["GET"]}}],"collection":[{"href":"https:\/\/nicolefragrance.se\/hr\/wp-json\/wp\/v2\/product"}],"about":[{"href":"https:\/\/nicolefragrance.se\/hr\/wp-json\/wp\/v2\/types\/product"}],"replies":[{"embeddable":true,"href":"https:\/\/nicolefragrance.se\/hr\/wp-json\/wp\/v2\/comments?post=1056"}],"version-history":[{"count":0,"href":"https:\/\/nicolefragrance.se\/hr\/wp-json\/wp\/v2\/product\/1056\/revisions"}],"wp:featuredmedia":[{"embeddable":true,"href":"https:\/\/nicolefragrance.se\/hr\/wp-json\/wp\/v2\/media\/28228"}],"wp:attachment":[{"href":"https:\/\/nicolefragrance.se\/hr\/wp-json\/wp\/v2\/media?parent=1056"}],"wp:term":[{"taxonomy":"product_brand","embeddable":true,"href":"https:\/\/nicolefragrance.se\/hr\/wp-json\/wp\/v2\/product_brand?post=1056"},{"taxonomy":"product_cat","embeddable":true,"href":"https:\/\/nicolefragrance.se\/hr\/wp-json\/wp\/v2\/product_cat?post=1056"},{"taxonomy":"product_tag","embeddable":true,"href":"https:\/\/nicolefragrance.se\/hr\/wp-json\/wp\/v2\/product_tag?post=1056"}],"curies":[{"name":"wp","href":"https:\/\/api.w.org\/{rel}","templated":true}]}}