{"id":1044,"date":"2021-01-12T12:19:11","date_gmt":"2021-01-12T11:19:11","guid":{"rendered":"https:\/\/nicolefragrance.se\/?post_type=product&#038;p=1044"},"modified":"2026-02-11T12:48:53","modified_gmt":"2026-02-11T11:48:53","slug":"chanel-chance-nicole-edp","status":"publish","type":"product","link":"https:\/\/nicolefragrance.se\/hr\/proizvod\/chanel-chance-nicole-edp\/","title":{"rendered":"Nicole 092 EDP inspiriran s Chance Chanel"},"content":{"rendered":"<p><strong>Chanel Chance<\/strong> je \u017eenski parfem koji pru\u017ea izvanredno osvje\u017eavaju\u0107e iskustvo, spoj \u010darobnih nota koje se mije\u0161aju u neuhvatljivu i promenljivu kompoziciju. Ova aroma donosi cvjetne, za\u010dinske, senzualne i gurmanske aspekte, uz izra\u017eene note cvjetova i vanilije, stvaraju\u0107i jedinstven mirisni do\u017eivljaj.<\/p>\n<p>Centralne note ovog parfema su ru\u017ei\u010dasti papar, apsolut jasmina i mirisna pa\u010dulija. Ovi sastojci se prepli\u0107u na neodoljiv na\u010din, stvaraju\u0107i osje\u0107aj \u010dudesne transformacije. <strong>Chanel Chance<\/strong> se mo\u017ee prepoznati kao cvjetni i citrusni miris, otvoren svje\u017eim notama grejpfruta, dok se tijekom vrijemenos otkrivaju prefinjeni tonovi jasmina, irisa i hijacinta.<\/p>\n<p>Jedna od klju\u010dnih karakteristika ovog parfema je njegova dugotrajnost. Iako je blag i zra\u010dnog karaktera, <strong>Chanel Chance<\/strong> ostaje primetan na ko\u017ei tijekom cijelog dana. Ovaj miris je posebno omiljen me\u0111u ljubiteljima svakodnevnih parfema, savr\u0161en za no\u0161enje tijekom obi\u010dnih aktivnosti ili avantura.<\/p>\n<p><strong>Chanel Chance<\/strong> donosi osje\u0107aj svje\u017eine i lagodnosti, \u010dine\u0107i ga savr\u0161enim izborom za dnevno no\u0161enje, posebno tijekom toplih dana ili putovanja. Njegove promenljive note o\u017eivljavaju ko\u017eu svojom elegancijom i profinjeno\u0161\u0107u.<\/p>\n<p>Ovaj parfem ne samo da vas obavija u mirisne note, ve\u0107 stvara i li\u010dno iskustvo koje se mijenja tijekom vremena. <strong>Chanel Chance<\/strong> je vi\u0161e od mirisa &#8211; to je prilika da se izrazite kroz mirisnu simfoniju koja odra\u017eava va\u0161u autenti\u010dnost i stil.<\/p>\n","protected":false},"excerpt":{"rendered":"<p>Chanel Chance donosi osje\u0107aj svje\u017eine i lagodnosti, \u010dine\u0107i ga savr\u0161enim izborom za dnevno no\u0161enje, posebno tijekom toplih dana ili putovanja. Njegove promjenljive note o\u017eivljavaju ko\u017eu svojom elegancijom i profinjeno\u0161\u0107u. To je\u00a0parfem koji pru\u017ea izvanredno osvje\u017eavaju\u0107e iskustvo i priliku da se izrazite kroz mirisnu simfoniju koja odra\u017eava va\u0161u autenti\u010dnost i stil.<\/p>\n","protected":false},"featured_media":28250,"comment_status":"open","ping_status":"closed","template":"","meta":{"_acf_changed":false},"product_brand":[],"product_cat":[195,186],"product_tag":[],"class_list":{"0":"post-1044","1":"product","2":"type-product","3":"status-publish","4":"has-post-thumbnail","6":"product_cat-chanel-marka","7":"product_cat-za-zene","9":"first","10":"instock","11":"taxable","12":"shipping-taxable","13":"purchasable","14":"product-type-variable","15":"has-default-attributes"},"acf":[],"_links":{"self":[{"href":"https:\/\/nicolefragrance.se\/hr\/wp-json\/wp\/v2\/product\/1044","targetHints":{"allow":["GET"]}}],"collection":[{"href":"https:\/\/nicolefragrance.se\/hr\/wp-json\/wp\/v2\/product"}],"about":[{"href":"https:\/\/nicolefragrance.se\/hr\/wp-json\/wp\/v2\/types\/product"}],"replies":[{"embeddable":true,"href":"https:\/\/nicolefragrance.se\/hr\/wp-json\/wp\/v2\/comments?post=1044"}],"version-history":[{"count":0,"href":"https:\/\/nicolefragrance.se\/hr\/wp-json\/wp\/v2\/product\/1044\/revisions"}],"wp:featuredmedia":[{"embeddable":true,"href":"https:\/\/nicolefragrance.se\/hr\/wp-json\/wp\/v2\/media\/28250"}],"wp:attachment":[{"href":"https:\/\/nicolefragrance.se\/hr\/wp-json\/wp\/v2\/media?parent=1044"}],"wp:term":[{"taxonomy":"product_brand","embeddable":true,"href":"https:\/\/nicolefragrance.se\/hr\/wp-json\/wp\/v2\/product_brand?post=1044"},{"taxonomy":"product_cat","embeddable":true,"href":"https:\/\/nicolefragrance.se\/hr\/wp-json\/wp\/v2\/product_cat?post=1044"},{"taxonomy":"product_tag","embeddable":true,"href":"https:\/\/nicolefragrance.se\/hr\/wp-json\/wp\/v2\/product_tag?post=1044"}],"curies":[{"name":"wp","href":"https:\/\/api.w.org\/{rel}","templated":true}]}}