{"id":1032,"date":"2021-01-12T12:18:45","date_gmt":"2021-01-12T11:18:45","guid":{"rendered":"https:\/\/nicolefragrance.se\/?post_type=product&#038;p=1032"},"modified":"2025-07-10T15:09:27","modified_gmt":"2025-07-10T13:09:27","slug":"dolcegabbana-light-blue-nicole-edp","status":"publish","type":"product","link":"https:\/\/nicolefragrance.se\/hr\/proizvod\/dolcegabbana-light-blue-nicole-edp\/","title":{"rendered":"Nicole 063 EDP inspiriran s Light Blue Dolce &#038; Gabbana"},"content":{"rendered":"<p><strong>Light Blue by Dolce &amp; Gabbana<\/strong> je \u017eenski parfem i savr\u0161en izbor za dame koje \u017eele privu\u0107i pa\u017enju svog dragog. Ova mirisna kreacija, sa svojim cvjetnim notama i vo\u0107nim aromama, pru\u017ea jedinstvenu senzaciju koja osvaja svojom svje\u017einom i sofisticiranim notama.<\/p>\n<p>Zapo\u010dinju\u0107i svoj mirisni put, <strong>Light Blue<\/strong> vas pozdravlja svje\u017einom zelene jabuke, podr\u017eanom notama sicilijanskog kedra i naznakama zvon\u010di\u0107a. Ova osvje\u017eavaju\u0107a kombinacija otvara put dubljim tonovima u srcu parfema, gdje se prepli\u0107u note jasmina i bambusa. Ova harmonija cvjetnih i zelenih nota stvara mirisno iskustvo koje odi\u0161e elegancijom i privla\u010di pa\u017enju.<\/p>\n<p><strong>Light Blue by Dolce &amp; Gabbana <\/strong>parfem dosti\u017ee svoj zenit kroz zavr\u0161ne note ambera i mo\u0161usa, stvaraju\u0107i delikatno, a istovremeno mo\u0107no iskustvo. Mirisna kompozicija parfema odra\u017eava notu suptilne \u010darolije, savr\u0161eno se stapaju\u0107i sa va\u0161om ko\u017eom i ostavljaju\u0107i neodoljiv trag u svakom koraku.<\/p>\n<p>Ovaj parfem je vi\u0161e od mirisa &#8211; to je iskustvo, osje\u0107aj i pri\u010da koja se budi svaki put kada ga nanesete. Sa svojom sofisticiranom svje\u017einom i notama koje izazivaju uzbu\u0111enje, <strong>Dolce &amp; Gabbana Light Blue<\/strong> je izbor moderne \u017eene koja \u017eeli da ostavi neizbrisiv utisak.<\/p>\n","protected":false},"excerpt":{"rendered":"<p>Light Blue by Dolce &amp; Gabbana vas pozdravlja svje\u017einom zelene jabuke, podr\u017eanom notama sicilijskog kedra i naznakama zvon\u010di\u0107a. Ova harmonija cvjetnih i zelenih nota stvara mirisno iskustvo koje odi\u0161e elegancijom i privla\u010di pa\u017enju. Sa svojom sofisticiranom svje\u017einom i notama koje izazivaju uzbu\u0111enje,\u00a0Light Blue je izbor moderne \u017eene koja \u017eeli ostaviti neizbrisiv utisak.<\/p>\n","protected":false},"featured_media":28261,"comment_status":"open","ping_status":"closed","template":"","meta":{"_acf_changed":false},"product_brand":[],"product_cat":[197,186],"product_tag":[],"class_list":{"0":"post-1032","1":"product","2":"type-product","3":"status-publish","4":"has-post-thumbnail","6":"product_cat-dolce-gabbana-marka","7":"product_cat-za-zene","9":"first","10":"instock","11":"taxable","12":"shipping-taxable","13":"purchasable","14":"product-type-variable","15":"has-default-attributes"},"acf":[],"_links":{"self":[{"href":"https:\/\/nicolefragrance.se\/hr\/wp-json\/wp\/v2\/product\/1032","targetHints":{"allow":["GET"]}}],"collection":[{"href":"https:\/\/nicolefragrance.se\/hr\/wp-json\/wp\/v2\/product"}],"about":[{"href":"https:\/\/nicolefragrance.se\/hr\/wp-json\/wp\/v2\/types\/product"}],"replies":[{"embeddable":true,"href":"https:\/\/nicolefragrance.se\/hr\/wp-json\/wp\/v2\/comments?post=1032"}],"version-history":[{"count":0,"href":"https:\/\/nicolefragrance.se\/hr\/wp-json\/wp\/v2\/product\/1032\/revisions"}],"wp:featuredmedia":[{"embeddable":true,"href":"https:\/\/nicolefragrance.se\/hr\/wp-json\/wp\/v2\/media\/28261"}],"wp:attachment":[{"href":"https:\/\/nicolefragrance.se\/hr\/wp-json\/wp\/v2\/media?parent=1032"}],"wp:term":[{"taxonomy":"product_brand","embeddable":true,"href":"https:\/\/nicolefragrance.se\/hr\/wp-json\/wp\/v2\/product_brand?post=1032"},{"taxonomy":"product_cat","embeddable":true,"href":"https:\/\/nicolefragrance.se\/hr\/wp-json\/wp\/v2\/product_cat?post=1032"},{"taxonomy":"product_tag","embeddable":true,"href":"https:\/\/nicolefragrance.se\/hr\/wp-json\/wp\/v2\/product_tag?post=1032"}],"curies":[{"name":"wp","href":"https:\/\/api.w.org\/{rel}","templated":true}]}}