{"id":1020,"date":"2021-01-12T12:15:55","date_gmt":"2021-01-12T11:15:55","guid":{"rendered":"https:\/\/nicolefragrance.se\/?post_type=product&#038;p=1020"},"modified":"2025-07-10T15:11:03","modified_gmt":"2025-07-10T13:11:03","slug":"davidoff-cool-water-nicole-edp","status":"publish","type":"product","link":"https:\/\/nicolefragrance.se\/hr\/proizvod\/davidoff-cool-water-nicole-edp\/","title":{"rendered":"Nicole 059 EDP inspiriran s Cool Water Davidoff"},"content":{"rendered":"<p><strong>Cool Water by Davidoff<\/strong> je \u017eenski parfem koji ve\u0107 godinama osvaja srca dama \u0161irom svijeta. Ovaj miris je pravo osvje\u017eenje koje podsje\u0107a na morski povjetarac, miris hladne morske vode, so\u010dno vo\u0107e i tople drvenaste note. Predstavljen jo\u0161 1996. godine, i dalje je omiljen izbor za sve one koji tra\u017ee ugodan osvje\u017eavaju\u0107i miris tijekom toplih ljetnih dana.<\/p>\n<p><strong>Cool Water<\/strong> se otvara kombinacijom vo\u0107a i drvenastih nota koji ga \u010dine savr\u0161enim za one koji vole prirodnu svje\u017einu. U srcu mirisne kompozicije, otkrivamo cvjetne note. Tu su nagovje\u0161taji jasmina, ljiljana, meda, gloga, ru\u017ee, vodene ljiljane i lotosa. Ove cvjetne note dodaju nje\u017enost i eleganciju mirisu, \u010dine\u0107i ga savr\u0161enim izborom za romanti\u010dne trenutke ili opu\u0161toju\u0107i dan na pla\u017ei. Baza mirisa je glatka i bogata. Sa notama breskve, sandalovine, vanilije, mo\u0161usa, vetivera, maline, kupine i korjena ljubi\u010dice, Cool Water dobija dubinu i postojanost. Ove tople i slatke note \u010dine ga privla\u010dnim i dugotrajnim mirisom.<\/p>\n<p><strong>Cool Water by Davidoff<\/strong> je miris koji se izdvaja po svojoj svje\u017eini i prirodnoj ljepoti. Ako \u017eelite da se prepustite ljetnem osvje\u017eenju, Davidoff Cool Water je pravi izbor za vas. U\u017eivajte u mirisu koji \u0107e vas podsjetiti na sun\u010dane dane na pla\u017ei i \u010daroliju ljetnih avantura.<\/p>\n","protected":false},"excerpt":{"rendered":"<p>Cool Water by Davidoff je pravo osvje\u017eenje koje podsje\u0107a na morski povjetarac, miris hladne morske vode, so\u010dno vo\u0107e i tople drvenaste note. Ovo je miris koji se izdvaja po svojoj svje\u017eini i prirodnoj ljepoti. Ako se \u017eelite da prepustiti ljetnom osvje\u017eenju, Davidoff Cool Water je pravi izbor za vas. U\u017eivajte u mirisu koji \u0107e vas podsjetiti na sun\u010dane dane na pla\u017ei i \u010daroliju ljetnih avantura.<\/p>\n","protected":false},"featured_media":28272,"comment_status":"open","ping_status":"closed","template":"","meta":{"_acf_changed":false},"product_brand":[],"product_cat":[208,186],"product_tag":[],"class_list":{"0":"post-1020","1":"product","2":"type-product","3":"status-publish","4":"has-post-thumbnail","6":"product_cat-davidoff-marka","7":"product_cat-za-zene","9":"first","10":"instock","11":"taxable","12":"shipping-taxable","13":"purchasable","14":"product-type-variable","15":"has-default-attributes"},"acf":[],"_links":{"self":[{"href":"https:\/\/nicolefragrance.se\/hr\/wp-json\/wp\/v2\/product\/1020","targetHints":{"allow":["GET"]}}],"collection":[{"href":"https:\/\/nicolefragrance.se\/hr\/wp-json\/wp\/v2\/product"}],"about":[{"href":"https:\/\/nicolefragrance.se\/hr\/wp-json\/wp\/v2\/types\/product"}],"replies":[{"embeddable":true,"href":"https:\/\/nicolefragrance.se\/hr\/wp-json\/wp\/v2\/comments?post=1020"}],"version-history":[{"count":0,"href":"https:\/\/nicolefragrance.se\/hr\/wp-json\/wp\/v2\/product\/1020\/revisions"}],"wp:featuredmedia":[{"embeddable":true,"href":"https:\/\/nicolefragrance.se\/hr\/wp-json\/wp\/v2\/media\/28272"}],"wp:attachment":[{"href":"https:\/\/nicolefragrance.se\/hr\/wp-json\/wp\/v2\/media?parent=1020"}],"wp:term":[{"taxonomy":"product_brand","embeddable":true,"href":"https:\/\/nicolefragrance.se\/hr\/wp-json\/wp\/v2\/product_brand?post=1020"},{"taxonomy":"product_cat","embeddable":true,"href":"https:\/\/nicolefragrance.se\/hr\/wp-json\/wp\/v2\/product_cat?post=1020"},{"taxonomy":"product_tag","embeddable":true,"href":"https:\/\/nicolefragrance.se\/hr\/wp-json\/wp\/v2\/product_tag?post=1020"}],"curies":[{"name":"wp","href":"https:\/\/api.w.org\/{rel}","templated":true}]}}