{"id":1008,"date":"2021-01-12T12:13:32","date_gmt":"2021-01-12T11:13:32","guid":{"rendered":"https:\/\/nicolefragrance.se\/?post_type=product&#038;p=1008"},"modified":"2025-11-17T19:19:05","modified_gmt":"2025-11-17T18:19:05","slug":"yves-saint-laurent-opium-nicole-edp","status":"publish","type":"product","link":"https:\/\/nicolefragrance.se\/hr\/proizvod\/yves-saint-laurent-opium-nicole-edp\/","title":{"rendered":"Nicole 058 EDP inspiriran s Opium Yves Saint Laurent"},"content":{"rendered":"<p><strong>Opium by Yves Saint Laurent<\/strong> je \u017eenski parfem koji simboli\u010dno predstavlja legendu koja je ponovo o\u017eivjela. Sa pomalo skandaloznim i sugestivnim imenom, Opium otvara vrata ka imaginarnom svijetu, putovanju u nepoznato i tajanstveno gdje se preplavljuju osjetila senzacijama i emocijama.<\/p>\n<p>Yves Saint Laurent je ponovo dokazao svoje umije\u0107e u kreiranju neodoljivih mirisa, a Opium je postao simbol luksuza, misterije i neodoljive privla\u010dnosti.<\/p>\n<p><strong>Opium by Yves Saint Laurent<\/strong> budi osjetila egzoti\u010dnim mje\u0161avinama bogatih cvjetnih nota, za\u010dina i dubokih drvenih tonova. Ovaj miris je neodoljiv i jedinstven. Njegove note uklju\u010duju tangerinu, \u0161ljivu, karanfili\u0107, korijander, karanfil, \u0111ur\u0111evak, ru\u017eu, smirnu, opoponaks, kastoreum, kedrovinu i sandalovinu.<\/p>\n<p>Opium odmah o\u010darava svojom opulentnom i dekadentnom prirodom, \u010dime vas vodi u zanosnu eksploziju nota mandarine i bergamota, duboko oboga\u0107enih smirom, jasminom i karanfilom. Amber otklju\u010dava poslijednju notu&#8230; i srce \u017eene koja ga nosi.<\/p>\n<p>Ovaj miris predstavlja putovanje u nepoznato, stvaraju\u0107i tajanstvenu i senzualnu auru oko vas. <strong>Yves Saint Laurent Opium<\/strong> nije samo miris, ve\u0107 i iskustvo koje \u0107e vas zauvijek obavijati u egzoti\u010dnu \u010daroliju.<\/p>\n<p>Uzmite svoju bo\u010dicu Opiuma i zakora\u010dite u svijet tajanstvenih senzacija i opojnih emocija. Osjetite \u010daroliju koju samo <strong>YSL Opium<\/strong> mo\u017ee pru\u017eiti i postanite dio legende.<\/p>\n","protected":false},"excerpt":{"rendered":"<p>Opium by Yves Saint Laurent budi osjetila egzoti\u010dnim mje\u0161avinama bogatih cvjetnih nota, za\u010dina i dubokih drvenih tonova. Ovaj miris je neodoljiv i jedinstven. Sa pomalo skandaloznim i sugestivnim imenom, Opium otvara vrata ka imaginarnom svijetu, putovanju u nepoznato i tajanstveno gdje se preplavljuju osjetila senzacijama i emocijama.<\/p>\n","protected":false},"featured_media":28283,"comment_status":"open","ping_status":"closed","template":"","meta":{"_acf_changed":false},"product_brand":[],"product_cat":[206,186],"product_tag":[],"class_list":{"0":"post-1008","1":"product","2":"type-product","3":"status-publish","4":"has-post-thumbnail","6":"product_cat-yves-saint-laurent-marka","7":"product_cat-za-zene","9":"first","10":"instock","11":"taxable","12":"shipping-taxable","13":"purchasable","14":"product-type-variable","15":"has-default-attributes"},"acf":[],"_links":{"self":[{"href":"https:\/\/nicolefragrance.se\/hr\/wp-json\/wp\/v2\/product\/1008","targetHints":{"allow":["GET"]}}],"collection":[{"href":"https:\/\/nicolefragrance.se\/hr\/wp-json\/wp\/v2\/product"}],"about":[{"href":"https:\/\/nicolefragrance.se\/hr\/wp-json\/wp\/v2\/types\/product"}],"replies":[{"embeddable":true,"href":"https:\/\/nicolefragrance.se\/hr\/wp-json\/wp\/v2\/comments?post=1008"}],"version-history":[{"count":0,"href":"https:\/\/nicolefragrance.se\/hr\/wp-json\/wp\/v2\/product\/1008\/revisions"}],"wp:featuredmedia":[{"embeddable":true,"href":"https:\/\/nicolefragrance.se\/hr\/wp-json\/wp\/v2\/media\/28283"}],"wp:attachment":[{"href":"https:\/\/nicolefragrance.se\/hr\/wp-json\/wp\/v2\/media?parent=1008"}],"wp:term":[{"taxonomy":"product_brand","embeddable":true,"href":"https:\/\/nicolefragrance.se\/hr\/wp-json\/wp\/v2\/product_brand?post=1008"},{"taxonomy":"product_cat","embeddable":true,"href":"https:\/\/nicolefragrance.se\/hr\/wp-json\/wp\/v2\/product_cat?post=1008"},{"taxonomy":"product_tag","embeddable":true,"href":"https:\/\/nicolefragrance.se\/hr\/wp-json\/wp\/v2\/product_tag?post=1008"}],"curies":[{"name":"wp","href":"https:\/\/api.w.org\/{rel}","templated":true}]}}