{"id":313,"date":"2024-04-27T16:54:59","date_gmt":"2024-04-27T14:54:59","guid":{"rendered":"https:\/\/nicolefragrance.se\/?page_id=313"},"modified":"2024-10-23T18:50:03","modified_gmt":"2024-10-23T16:50:03","slug":"o-nama","status":"publish","type":"page","link":"https:\/\/nicolefragrance.se\/hr\/o-nama\/","title":{"rendered":"O nama"},"content":{"rendered":"\t\t<div data-elementor-type=\"wp-page\" data-elementor-id=\"313\" class=\"elementor elementor-313\" data-elementor-post-type=\"page\">\n\t\t\t\t<div class=\"elementor-element elementor-element-d35573a e-flex e-con-boxed e-con e-parent\" data-id=\"d35573a\" data-element_type=\"container\" data-e-type=\"container\">\n\t\t\t\t\t<div class=\"e-con-inner\">\n\t\t<div class=\"elementor-element elementor-element-1a23d4b e-con-full e-flex e-con e-child\" data-id=\"1a23d4b\" data-element_type=\"container\" data-e-type=\"container\" data-settings=\"{&quot;background_background&quot;:&quot;classic&quot;,&quot;sticky&quot;:&quot;top&quot;,&quot;sticky_parent&quot;:&quot;yes&quot;,&quot;sticky_on&quot;:[&quot;desktop&quot;,&quot;tablet&quot;],&quot;sticky_offset&quot;:0,&quot;sticky_effects_offset&quot;:0,&quot;sticky_anchor_link_offset&quot;:0}\">\n\t\t\t\t<div class=\"elementor-element elementor-element-63b3f9f elementor-widget elementor-widget-image\" data-id=\"63b3f9f\" data-element_type=\"widget\" data-e-type=\"widget\" data-widget_type=\"image.default\">\n\t\t\t\t<div class=\"elementor-widget-container\">\n\t\t\t\t\t\t\t\t\t\t\t\t\t\t\t<img fetchpriority=\"high\" decoding=\"async\" width=\"295\" height=\"348\" src=\"https:\/\/nicolefragrance.se\/wp-content\/uploads\/2024\/04\/Nicole-parfemi-o-nama-tlo.webp\" class=\"attachment-full size-full wp-image-329\" alt=\"Nicole parfemi o nama tlo\" srcset=\"https:\/\/nicolefragrance.se\/wp-content\/uploads\/2024\/04\/Nicole-parfemi-o-nama-tlo.webp 295w, https:\/\/nicolefragrance.se\/wp-content\/uploads\/2024\/04\/Nicole-parfemi-o-nama-tlo-254x300.webp 254w\" sizes=\"(max-width: 295px) 100vw, 295px\" \/>\t\t\t\t\t\t\t\t\t\t\t\t\t\t\t<\/div>\n\t\t\t\t<\/div>\n\t\t\t\t<div class=\"elementor-element elementor-element-2e59d2a elementor-absolute elementor-widget elementor-widget-image\" data-id=\"2e59d2a\" data-element_type=\"widget\" data-e-type=\"widget\" data-settings=\"{&quot;_position&quot;:&quot;absolute&quot;}\" data-widget_type=\"image.default\">\n\t\t\t\t<div class=\"elementor-widget-container\">\n\t\t\t\t\t\t\t\t\t\t\t\t\t\t\t<img decoding=\"async\" width=\"481\" height=\"510\" src=\"https:\/\/nicolefragrance.se\/wp-content\/uploads\/2024\/05\/Nicole-parfemi-o-nama-slika-b.webp\" class=\"attachment-full size-full wp-image-5078\" alt=\"Nicole-parfemi-o-nama-slika-b\" srcset=\"https:\/\/nicolefragrance.se\/wp-content\/uploads\/2024\/05\/Nicole-parfemi-o-nama-slika-b.webp 481w, https:\/\/nicolefragrance.se\/wp-content\/uploads\/2024\/05\/Nicole-parfemi-o-nama-slika-b-283x300.webp 283w\" sizes=\"(max-width: 481px) 100vw, 481px\" \/>\t\t\t\t\t\t\t\t\t\t\t\t\t\t\t<\/div>\n\t\t\t\t<\/div>\n\t\t\t\t<\/div>\n\t\t<div class=\"elementor-element elementor-element-6d947d4 e-con-full e-flex e-con e-child\" data-id=\"6d947d4\" data-element_type=\"container\" data-e-type=\"container\">\n\t\t\t\t<div class=\"elementor-element elementor-element-509dc3b e-transform elementor-hidden-mobile elementor-widget elementor-widget-image\" data-id=\"509dc3b\" data-element_type=\"widget\" data-e-type=\"widget\" data-settings=\"{&quot;_transform_rotateZ_effect&quot;:{&quot;unit&quot;:&quot;px&quot;,&quot;size&quot;:-180,&quot;sizes&quot;:[]},&quot;_transform_rotateZ_effect_tablet&quot;:{&quot;unit&quot;:&quot;deg&quot;,&quot;size&quot;:&quot;&quot;,&quot;sizes&quot;:[]},&quot;_transform_rotateZ_effect_mobile&quot;:{&quot;unit&quot;:&quot;deg&quot;,&quot;size&quot;:&quot;&quot;,&quot;sizes&quot;:[]}}\" data-widget_type=\"image.default\">\n\t\t\t\t<div class=\"elementor-widget-container\">\n\t\t\t\t\t\t\t\t\t\t\t\t\t\t\t<img decoding=\"async\" src=\"https:\/\/nicolefragrance.se\/wp-content\/uploads\/elementor\/thumbs\/Nicole-parfemi-o-nama-tlo-a-rotated-qnc1ogob5vljjlz2ee463lkarrvqn6bxlu8588r0pw.jpg\" title=\"Nicole parfemi o nama tlo a\" alt=\"Nicole parfemi o nama tlo a\" loading=\"lazy\" \/>\t\t\t\t\t\t\t\t\t\t\t\t\t\t\t<\/div>\n\t\t\t\t<\/div>\n\t\t\t\t<div class=\"elementor-element elementor-element-2eb1c20 elementor-widget elementor-widget-heading\" data-id=\"2eb1c20\" data-element_type=\"widget\" data-e-type=\"widget\" data-widget_type=\"heading.default\">\n\t\t\t\t<div class=\"elementor-widget-container\">\n\t\t\t\t\t<h1 class=\"elementor-heading-title elementor-size-default\">O NAMA<\/h1>\t\t\t\t<\/div>\n\t\t\t\t<\/div>\n\t\t\t\t<div class=\"elementor-element elementor-element-67b5e19 elementor-widget elementor-widget-text-editor\" data-id=\"67b5e19\" data-element_type=\"widget\" data-e-type=\"widget\" data-widget_type=\"text-editor.default\">\n\t\t\t\t<div class=\"elementor-widget-container\">\n\t\t\t\t\t\t\t\t\t<p>Ako \u017eelite da saznate vi\u0161e o nama, na pravom ste mjestu.<\/p><p><strong>Nicole Parfemi<\/strong> su me\u0111unarodni brend parfema koji u Europi posluje od 1996. godine. <strong>Proizvodimo jedinstvenu liniju parfema na to\u010denje Nicole koji predstavljaju ekvivalente najpopularnijim svjetskim brendovima.<\/strong><\/p><p><strong>Nicole Parfemi<\/strong> nastaju od najkvalitetnijih sastojaka i originalnih francuskih esencija. Svi na\u0161i parfemi su ozna\u010deni kao <strong>EDP (Eau de Parfum)<\/strong> \u0161to podrazumijeva ve\u0107u kvaliteu i znatno du\u017eu postojanost na va\u0161oj ko\u017ei u odnosu na alternative EDT (Eau de Toilette) i EDC (Eau de Cologne).<\/p><p><strong>Na tr\u017ei\u0161tima europskih zemalja<\/strong> ve\u0107 godinama postoji veliki interes za na\u0161im \u0161irokim asortimanom \u017eenskih, mu\u0161kih i unisex parfema. Me\u0111u njima se posljednjih godina na\u0161la i Srbija, te Hrvatska i Slovenija, pa su Nicole parfemi na to\u010denje sada dostupni i Vama u svakom trenutku, <strong>posredstvom na\u0161eg online shop-a<\/strong>.<\/p><p>Svi na\u0161i parfemi prolaze detaljna dermatolo\u0161ka ispitivanja i <strong>imaju sve potrebne dozvole i certifikate<\/strong>, me\u0111u kojima i IFRA (International Fragrance Association), kao me\u0111unarodni garant kvalitete.<\/p><p>Na\u0161i mirisi su, tako\u0111er, <strong>ekolo\u0161ki prihvatljivi i nisu sinteti\u010dki obojani<\/strong>. Svoje prazne staklene bo\u010dice parfema vi\u0161e ne morate bacati. Svaku od njih mo\u017eete <strong>ponovno iskoristiti i napuniti je uz pomo\u0107 na\u0161e SMART FILLER NICOLE punilice<\/strong>.<\/p><p><strong>Fantasti\u010dna kvaliteta, ekonomi\u010dnost i pristupa\u010dna cijena su na\u0161i glavni aduti<\/strong>. O nama i na\u0161im parfemima svjedo\u010de tisu\u0107e zadovoljnih korisnika do sada.<\/p><p><strong>Naru\u010dite odmah<\/strong> svoj omiljeni miris i uvjerite se u kvalitetu i postojanost na\u0161ih parfema na to\u010denje.<\/p>\t\t\t\t\t\t\t\t<\/div>\n\t\t\t\t<\/div>\n\t\t\t\t<\/div>\n\t\t\t\t\t<\/div>\n\t\t\t\t<\/div>\n\t\t<div class=\"elementor-element elementor-element-0075efb e-flex e-con-boxed e-con e-parent\" data-id=\"0075efb\" data-element_type=\"container\" data-e-type=\"container\">\n\t\t\t\t\t<div class=\"e-con-inner\">\n\t\t\t\t<div class=\"elementor-element elementor-element-ed5b75e elementor-widget__width-inherit e-transform elementor-widget elementor-widget-image\" data-id=\"ed5b75e\" data-element_type=\"widget\" data-e-type=\"widget\" data-settings=\"{&quot;_transform_rotateZ_effect&quot;:{&quot;unit&quot;:&quot;px&quot;,&quot;size&quot;:-180,&quot;sizes&quot;:[]},&quot;_transform_rotateZ_effect_tablet&quot;:{&quot;unit&quot;:&quot;deg&quot;,&quot;size&quot;:&quot;&quot;,&quot;sizes&quot;:[]},&quot;_transform_rotateZ_effect_mobile&quot;:{&quot;unit&quot;:&quot;deg&quot;,&quot;size&quot;:&quot;&quot;,&quot;sizes&quot;:[]}}\" data-widget_type=\"image.default\">\n\t\t\t\t<div class=\"elementor-widget-container\">\n\t\t\t\t\t\t\t\t\t\t\t\t\t\t\t<img decoding=\"async\" src=\"https:\/\/nicolefragrance.se\/wp-content\/uploads\/elementor\/thumbs\/Nicole-parfemi-o-nama-tlo-a-rotated-qnc1ogob5vljjlz2ee463lkarrvqn6bxlu8588r0pw.jpg\" title=\"Nicole parfemi o nama tlo a\" alt=\"Nicole parfemi o nama tlo a\" loading=\"lazy\" \/>\t\t\t\t\t\t\t\t\t\t\t\t\t\t\t<\/div>\n\t\t\t\t<\/div>\n\t\t\t\t<div class=\"elementor-element elementor-element-f1c7340 elementor-widget__width-inherit elementor-widget elementor-widget-heading\" data-id=\"f1c7340\" data-element_type=\"widget\" data-e-type=\"widget\" data-widget_type=\"heading.default\">\n\t\t\t\t<div class=\"elementor-widget-container\">\n\t\t\t\t\t<h2 class=\"elementor-heading-title elementor-size-default\">\u010cAROLIJA MIRISA<\/h2>\t\t\t\t<\/div>\n\t\t\t\t<\/div>\n\t\t\t\t<div class=\"elementor-element elementor-element-5b2780c elementor-widget__width-inherit elementor-widget elementor-widget-heading\" data-id=\"5b2780c\" data-element_type=\"widget\" data-e-type=\"widget\" data-widget_type=\"heading.default\">\n\t\t\t\t<div class=\"elementor-widget-container\">\n\t\t\t\t\t<h3 class=\"elementor-heading-title elementor-size-default\">Izabarite za sebe<\/h3>\t\t\t\t<\/div>\n\t\t\t\t<\/div>\n\t\t\t\t<div class=\"elementor-element elementor-element-7655508 elementor-widget__width-initial elementor-widget elementor-widget-image\" data-id=\"7655508\" data-element_type=\"widget\" data-e-type=\"widget\" data-widget_type=\"image.default\">\n\t\t\t\t<div class=\"elementor-widget-container\">\n\t\t\t\t\t\t\t\t\t\t\t\t\t\t\t<img decoding=\"async\" src=\"https:\/\/nicolefragrance.se\/wp-content\/uploads\/2024\/04\/Nicole-parfemi-o-nama-EDP.webp\" title=\"Nicole-parfemi-o-nama-EDP\" alt=\"Nicole-parfemi-o-nama-EDP\" loading=\"lazy\" \/>\t\t\t\t\t\t\t\t\t\t\t\t\t\t\t<\/div>\n\t\t\t\t<\/div>\n\t\t\t\t<div class=\"elementor-element elementor-element-886e220 elementor-widget__width-initial elementor-widget elementor-widget-image\" data-id=\"886e220\" data-element_type=\"widget\" data-e-type=\"widget\" data-widget_type=\"image.default\">\n\t\t\t\t<div class=\"elementor-widget-container\">\n\t\t\t\t\t\t\t\t\t\t\t\t\t\t\t<img decoding=\"async\" src=\"https:\/\/nicolefragrance.se\/wp-content\/uploads\/2024\/10\/Nicolefragrances-vanlig.jpg\" title=\"Nicolefragrances-vanlig\" alt=\"Nicolefragrances-vanlig\" loading=\"lazy\" \/>\t\t\t\t\t\t\t\t\t\t\t\t\t\t\t<\/div>\n\t\t\t\t<\/div>\n\t\t\t\t<div class=\"elementor-element elementor-element-754da9d elementor-widget__width-initial elementor-widget elementor-widget-image\" data-id=\"754da9d\" data-element_type=\"widget\" data-e-type=\"widget\" data-widget_type=\"image.default\">\n\t\t\t\t<div class=\"elementor-widget-container\">\n\t\t\t\t\t\t\t\t\t\t\t\t\t\t\t<img decoding=\"async\" src=\"https:\/\/nicolefragrance.se\/wp-content\/uploads\/2024\/10\/Nicolefragrances-kvalitet.jpg\" title=\"Nicolefragrances-kvalitet\" alt=\"Nicolefragrances-kvalitet\" loading=\"lazy\" \/>\t\t\t\t\t\t\t\t\t\t\t\t\t\t\t<\/div>\n\t\t\t\t<\/div>\n\t\t\t\t<div class=\"elementor-element elementor-element-8b836d0 elementor-widget__width-initial elementor-widget elementor-widget-image\" data-id=\"8b836d0\" data-element_type=\"widget\" data-e-type=\"widget\" data-widget_type=\"image.default\">\n\t\t\t\t<div class=\"elementor-widget-container\">\n\t\t\t\t\t\t\t\t\t\t\t\t\t\t\t<img decoding=\"async\" src=\"https:\/\/nicolefragrance.se\/wp-content\/uploads\/2024\/10\/Nicolefragrances-uthallighet.jpg\" title=\"Nicolefragrances-uthallighet\" alt=\"Nicolefragrances-uthallighet\" loading=\"lazy\" \/>\t\t\t\t\t\t\t\t\t\t\t\t\t\t\t<\/div>\n\t\t\t\t<\/div>\n\t\t\t\t\t<\/div>\n\t\t\t\t<\/div>\n\t\t<div class=\"elementor-element elementor-element-920fdb8 e-flex e-con-boxed e-con e-parent\" data-id=\"920fdb8\" data-element_type=\"container\" data-e-type=\"container\" data-settings=\"{&quot;background_background&quot;:&quot;classic&quot;}\">\n\t\t\t\t\t<div class=\"e-con-inner\">\n\t\t<div class=\"elementor-element elementor-element-e578ea3 e-con-full e-flex e-con e-child\" data-id=\"e578ea3\" data-element_type=\"container\" data-e-type=\"container\">\n\t\t\t\t<div class=\"elementor-element elementor-element-a7bb425 elementor-widget__width-inherit elementor-widget elementor-widget-heading\" data-id=\"a7bb425\" data-element_type=\"widget\" data-e-type=\"widget\" data-widget_type=\"heading.default\">\n\t\t\t\t<div class=\"elementor-widget-container\">\n\t\t\t\t\t<h2 class=\"elementor-heading-title elementor-size-default\">Prona\u0111i savr\u0161en parfem za sebe<\/h2>\t\t\t\t<\/div>\n\t\t\t\t<\/div>\n\t\t\t\t<div class=\"elementor-element elementor-element-374625d elementor-widget elementor-widget-heading\" data-id=\"374625d\" data-element_type=\"widget\" data-e-type=\"widget\" data-widget_type=\"heading.default\">\n\t\t\t\t<div class=\"elementor-widget-container\">\n\t\t\t\t\t<h2 class=\"elementor-heading-title elementor-size-default\">Fantasti\u010dna kvaliteta i pristupa\u010dna cijena<\/h2>\t\t\t\t<\/div>\n\t\t\t\t<\/div>\n\t\t\t\t<\/div>\n\t\t<div class=\"elementor-element elementor-element-a32553a e-con-full e-flex e-con e-child\" data-id=\"a32553a\" data-element_type=\"container\" data-e-type=\"container\">\n\t\t\t\t<div class=\"elementor-element elementor-element-b996adb elementor-align-right elementor-widget elementor-widget-button\" data-id=\"b996adb\" data-element_type=\"widget\" data-e-type=\"widget\" data-widget_type=\"button.default\">\n\t\t\t\t<div class=\"elementor-widget-container\">\n\t\t\t\t\t\t\t\t\t<div class=\"elementor-button-wrapper\">\n\t\t\t\t\t<a class=\"elementor-button elementor-button-link elementor-size-sm\" href=\"https:\/\/nicolefragrance.se\/shop\/\">\n\t\t\t\t\t\t<span class=\"elementor-button-content-wrapper\">\n\t\t\t\t\t\t\t\t\t<span class=\"elementor-button-text\">SHOP<\/span>\n\t\t\t\t\t<\/span>\n\t\t\t\t\t<\/a>\n\t\t\t\t<\/div>\n\t\t\t\t\t\t\t\t<\/div>\n\t\t\t\t<\/div>\n\t\t\t\t<div class=\"elementor-element elementor-element-0e1f6fb elementor-widget elementor-widget-heading\" data-id=\"0e1f6fb\" data-element_type=\"widget\" data-e-type=\"widget\" data-widget_type=\"heading.default\">\n\t\t\t\t<div class=\"elementor-widget-container\">\n\t\t\t\t\t<h2 class=\"elementor-heading-title elementor-size-default\">Make<\/h2>\t\t\t\t<\/div>\n\t\t\t\t<\/div>\n\t\t\t\t<\/div>\n\t\t\t\t\t<\/div>\n\t\t\t\t<\/div>\n\t\t\t\t<\/div>\n\t\t","protected":false},"excerpt":{"rendered":"<p>O NAMA Ako \u017eelite da saznate vi\u0161e o nama, na pravom ste mjestu. Nicole Parfemi su me\u0111unarodni brend parfema koji u Europi posluje od 1996. godine. Proizvodimo jedinstvenu liniju parfema na to\u010denje Nicole koji predstavljaju ekvivalente najpopularnijim svjetskim brendovima. Nicole Parfemi nastaju od najkvalitetnijih sastojaka i originalnih francuskih esencija. Svi na\u0161i parfemi su ozna\u010deni kao [&hellip;]<\/p>\n","protected":false},"author":1,"featured_media":0,"parent":0,"menu_order":0,"comment_status":"closed","ping_status":"closed","template":"","meta":{"_acf_changed":false,"footnotes":""},"class_list":["post-313","page","type-page","status-publish","hentry"],"acf":[],"_links":{"self":[{"href":"https:\/\/nicolefragrance.se\/hr\/wp-json\/wp\/v2\/pages\/313","targetHints":{"allow":["GET"]}}],"collection":[{"href":"https:\/\/nicolefragrance.se\/hr\/wp-json\/wp\/v2\/pages"}],"about":[{"href":"https:\/\/nicolefragrance.se\/hr\/wp-json\/wp\/v2\/types\/page"}],"author":[{"embeddable":true,"href":"https:\/\/nicolefragrance.se\/hr\/wp-json\/wp\/v2\/users\/1"}],"replies":[{"embeddable":true,"href":"https:\/\/nicolefragrance.se\/hr\/wp-json\/wp\/v2\/comments?post=313"}],"version-history":[{"count":0,"href":"https:\/\/nicolefragrance.se\/hr\/wp-json\/wp\/v2\/pages\/313\/revisions"}],"wp:attachment":[{"href":"https:\/\/nicolefragrance.se\/hr\/wp-json\/wp\/v2\/media?parent=313"}],"curies":[{"name":"wp","href":"https:\/\/api.w.org\/{rel}","templated":true}]}}